{"id":1405,"date":"2021-11-02T16:36:10","date_gmt":"2021-11-02T15:36:10","guid":{"rendered":"https:\/\/diableries.space\/musique-et-neige\/?page_id=1405"},"modified":"2025-10-05T00:07:06","modified_gmt":"2025-10-04T22:07:06","slug":"les-artistes","status":"publish","type":"page","link":"https:\/\/www.musique-et-neige.ch\/en\/les-artistes\/","title":{"rendered":"The artists"},"content":{"rendered":"<p>[et_pb_section fb_built=\u00a0\u00bb1&Prime; fullwidth=\u00a0\u00bbon\u00a0\u00bb next_background_color=\u00a0\u00bb#ffffff\u00a0\u00bb _builder_version=\u00a0\u00bb4.16&Prime; _module_preset=\u00a0\u00bbdefault\u00a0\u00bb background_color=\u00a0\u00bb#31A9DE\u00a0\u00bb background_color_gradient_direction=\u00a0\u00bb360deg\u00a0\u00bb background_enable_image=\u00a0\u00bboff\u00a0\u00bb min_height=\u00a0\u00bb300px\u00a0\u00bb bottom_divider_style=\u00a0\u00bbwave2&Prime; global_colors_info=\u00a0\u00bb{}\u00a0\u00bb][et_pb_fullwidth_post_title meta=\u00a0\u00bboff\u00a0\u00bb featured_image=\u00a0\u00bboff\u00a0\u00bb _builder_version=\u00a0\u00bb4.16&Prime; _module_preset=\u00a0\u00bbdefault\u00a0\u00bb title_font=\u00a0\u00bb|600||on|||||\u00a0\u00bb title_text_align=\u00a0\u00bbcenter\u00a0\u00bb title_text_color=\u00a0\u00bb#FFFFFF\u00a0\u00bb title_font_size=\u00a0\u00bb36px\u00a0\u00bb global_colors_info=\u00a0\u00bb{}\u00a0\u00bb][\/et_pb_fullwidth_post_title][\/et_pb_section][et_pb_section fb_built=\u00a0\u00bb1&Prime; _builder_version=\u00a0\u00bb4.16&Prime; _module_preset=\u00a0\u00bbdefault\u00a0\u00bb positioning=\u00a0\u00bbnone\u00a0\u00bb vertical_offset=\u00a0\u00bb100px\u00a0\u00bb vertical_offset_tablet=\u00a0\u00bb56px\u00a0\u00bb vertical_offset_phone=\u00a0\u00bb56px\u00a0\u00bb vertical_offset_last_edited=\u00a0\u00bbon|tablet\u00a0\u00bb custom_margin=\u00a0\u00bb||||false|false\u00a0\u00bb custom_padding=\u00a0\u00bb||||false|false\u00a0\u00bb global_colors_info=\u00a0\u00bb{}\u00a0\u00bb][et_pb_row use_custom_gutter=\u00a0\u00bbon\u00a0\u00bb gutter_width=\u00a0\u00bb1&Prime; make_equal=\u00a0\u00bbon\u00a0\u00bb _builder_version=\u00a0\u00bb4.16&Prime; _module_preset=\u00a0\u00bbdefault\u00a0\u00bb background_enable_color=\u00a0\u00bboff\u00a0\u00bb module_alignment=\u00a0\u00bbcenter\u00a0\u00bb custom_margin=\u00a0\u00bb||||false|false\u00a0\u00bb custom_padding=\u00a0\u00bb||||false|false\u00a0\u00bb global_colors_info=\u00a0\u00bb{}\u00a0\u00bb][et_pb_column type=\u00a0\u00bb4_4&Prime; _builder_version=\u00a0\u00bb4.16&Prime; _module_preset=\u00a0\u00bbdefault\u00a0\u00bb global_colors_info=\u00a0\u00bb{}\u00a0\u00bb][et_pb_text _builder_version=\u00a0\u00bb4.27.4&Prime; _module_preset=\u00a0\u00bbdefault\u00a0\u00bb text_orientation=\u00a0\u00bbjustified\u00a0\u00bb width=\u00a0\u00bb80%\u00a0\u00bb module_alignment=\u00a0\u00bbcenter\u00a0\u00bb global_colors_info=\u00a0\u00bb{}\u00a0\u00bb]<\/p>\n<p>Consultez ci-dessous les pr\u00e9sentations des artistes de cette 57\u00e8me \u00e9dition.<\/p>\n<p>[\/et_pb_text][et_pb_de_mach_archive_loop post_type_choose=\u00a0\u00bbpost|off|off|off|off|off|off|on|off\u00a0\u00bb loop_layout=\u00a0\u00bb1409&Prime; filter_update_animation=\u00a0\u00bbload-4&Prime; animation_color=\u00a0\u00bb#31A9DE\u00a0\u00bb loading_bg_color=\u00a0\u00bb#FFFFFF\u00a0\u00bb no_posts_layout=\u00a0\u00bb1409&Prime; is_main_loop=\u00a0\u00bboff\u00a0\u00bb show_current_post=\u00a0\u00bbon\u00a0\u00bb posts_number=\u00a0\u00bb8&Prime; sort_order=\u00a0\u00bbtitle\u00a0\u00bb enable_loadmore=\u00a0\u00bbon\u00a0\u00bb loadmore_text=\u00a0\u00bbEn voir +\u00a0\u00bb loadmore_text_loading=\u00a0\u00bb&#8230;\u00a0\u00bb link_whole_gird=\u00a0\u00bbon\u00a0\u00bb equal_height=\u00a0\u00bbon\u00a0\u00bb align_last_bottom=\u00a0\u00bboff\u00a0\u00bb columns=\u00a0\u00bb1&Prime; columns_tablet=\u00a0\u00bb1&Prime; custom_gutter_width=\u00a0\u00bbon\u00a0\u00bb gutter_row_gap=\u00a0\u00bb0px\u00a0\u00bb gutter_row_column=\u00a0\u00bb10px\u00a0\u00bb button_alignment=\u00a0\u00bbcenter\u00a0\u00bb admin_label=\u00a0\u00bbconcerts-loop\u00a0\u00bb _builder_version=\u00a0\u00bb4.27.4&Prime; _module_preset=\u00a0\u00bbdefault\u00a0\u00bb background_color=\u00a0\u00bbRGBA(0,0,0,0)\u00a0\u00bb background_enable_image=\u00a0\u00bboff\u00a0\u00bb custom_button=\u00a0\u00bbon\u00a0\u00bb button_text_color=\u00a0\u00bb#31A9DE\u00a0\u00bb button_bg_color=\u00a0\u00bb#FFFFFF\u00a0\u00bb button_icon=\u00a0\u00bb&#x50;||divi||400&Prime; button_icon_color=\u00a0\u00bb#31A9DE\u00a0\u00bb width=\u00a0\u00bb100%\u00a0\u00bb max_width=\u00a0\u00bb100%\u00a0\u00bb custom_margin=\u00a0\u00bb0px||0px||false|false\u00a0\u00bb custom_padding=\u00a0\u00bb0px||0px||false|false\u00a0\u00bb global_colors_info=\u00a0\u00bb{}\u00a0\u00bb][\/et_pb_de_mach_archive_loop][\/et_pb_column][\/et_pb_row][\/et_pb_section][et_pb_section fb_built=\u00a0\u00bb1&Prime; _builder_version=\u00a0\u00bb4.16&Prime; _module_preset=\u00a0\u00bbdefault\u00a0\u00bb custom_margin=\u00a0\u00bb144px|||||\u00a0\u00bb custom_padding=\u00a0\u00bb23px||74px|||\u00a0\u00bb bottom_divider_style=\u00a0\u00bbwave\u00a0\u00bb bottom_divider_color=\u00a0\u00bb#4D555F\u00a0\u00bb global_colors_info=\u00a0\u00bb{}\u00a0\u00bb][\/et_pb_section]<\/p>\n","protected":false},"excerpt":{"rendered":"<p>See below the artist presentations for this 57th edition.<\/p>","protected":false},"author":1,"featured_media":0,"parent":0,"menu_order":0,"comment_status":"closed","ping_status":"closed","template":"","meta":{"_acf_changed":false,"_et_pb_use_builder":"on","_et_pb_old_content":"","_et_gb_content_width":"","footnotes":""},"class_list":["post-1405","page","type-page","status-publish","hentry"],"acf":[],"yoast_head":"<!-- This site is optimized with the Yoast SEO Premium plugin v27.1 (Yoast SEO v27.1.1) - https:\/\/yoast.com\/product\/yoast-seo-premium-wordpress\/ -->\n<title>Les Artistes<\/title>\n<meta name=\"description\" content=\"Vous retrouverez les artistes que le Festival Musique &amp; Neige a d\u00e9j\u00e0 accueillis, mais d\u00e9couvrirez aussi de nouveaux visages.\" \/>\n<meta name=\"robots\" content=\"index, follow, max-snippet:-1, max-image-preview:large, max-video-preview:-1\" \/>\n<link rel=\"canonical\" href=\"https:\/\/www.musique-et-neige.ch\/en\/les-artistes\/\" \/>\n<meta property=\"og:locale\" content=\"en_US\" \/>\n<meta property=\"og:type\" content=\"article\" \/>\n<meta property=\"og:title\" content=\"Les Artistes - Festival Musique &amp; Neige - Les Diablerets\" \/>\n<meta property=\"og:description\" content=\"Vous retrouverez des musiciens et ensembles que le Festival Musique &amp; Neige a d\u00e9j\u00e0 accueillis, mais d\u00e9couvrirez aussi de nouveaux visages. Quant aux \u0153uvres propos\u00e9es par ces artistes confirm\u00e9s, laissez-vous surprendre.\" \/>\n<meta property=\"og:url\" content=\"https:\/\/www.musique-et-neige.ch\/en\/wp-json\/wp\/v2\/pages\/1405\" \/>\n<meta property=\"og:site_name\" content=\"Festival Musique &amp; Neige\" \/>\n<meta property=\"article:publisher\" content=\"https:\/\/www.facebook.com\/FestivalMusiqueNeige\" \/>\n<meta property=\"article:modified_time\" content=\"2025-10-04T22:07:06+00:00\" \/>\n<meta property=\"og:image\" content=\"https:\/\/www.musique-et-neige.ch\/wp-content\/uploads\/homepage-facebook3.jpg\" \/>\n\t<meta property=\"og:image:width\" content=\"1080\" \/>\n\t<meta property=\"og:image:height\" content=\"1080\" \/>\n\t<meta property=\"og:image:type\" content=\"image\/jpeg\" \/>\n<meta name=\"twitter:card\" content=\"summary_large_image\" \/>\n<meta name=\"twitter:title\" content=\"Les Artistes - Festival Musique &amp; Neige - Les Diablerets\" \/>\n<meta name=\"twitter:description\" content=\"Vous retrouverez des musiciens et ensembles que le Festival Musique &amp; Neige a d\u00e9j\u00e0 accueillis, mais d\u00e9couvrirez aussi de nouveaux visages. Quant aux \u0153uvres propos\u00e9es par ces artistes confirm\u00e9s, laissez-vous surprendre.\" \/>\n<meta name=\"twitter:image\" content=\"https:\/\/www.musique-et-neige.ch\/wp-content\/uploads\/homepage-twitter2-1.jpg\" \/>\n<meta name=\"twitter:label1\" content=\"Est. reading time\" \/>\n\t<meta name=\"twitter:data1\" content=\"1 minute\" \/>\n<script type=\"application\/ld+json\" class=\"yoast-schema-graph\">{\"@context\":\"https:\/\/schema.org\",\"@graph\":[{\"@type\":\"Article\",\"@id\":\"https:\/\/www.musique-et-neige.ch\/les-artistes\/#article\",\"isPartOf\":{\"@id\":\"https:\/\/www.musique-et-neige.ch\/les-artistes\/\"},\"author\":{\"name\":\"admin\",\"@id\":\"https:\/\/www.musique-et-neige.ch\/#\/schema\/person\/db2eb97a2dbeee26becb54659778a71d\"},\"headline\":\"Les Artistes\",\"datePublished\":\"2021-11-02T15:36:10+00:00\",\"dateModified\":\"2025-10-04T22:07:06+00:00\",\"mainEntityOfPage\":{\"@id\":\"https:\/\/www.musique-et-neige.ch\/les-artistes\/\"},\"wordCount\":389,\"publisher\":{\"@id\":\"https:\/\/www.musique-et-neige.ch\/#organization\"},\"inLanguage\":\"en-US\"},{\"@type\":\"WebPage\",\"@id\":\"https:\/\/www.musique-et-neige.ch\/les-artistes\/\",\"url\":\"https:\/\/www.musique-et-neige.ch\/les-artistes\/\",\"name\":\"Les Artistes\",\"isPartOf\":{\"@id\":\"https:\/\/www.musique-et-neige.ch\/#website\"},\"datePublished\":\"2021-11-02T15:36:10+00:00\",\"dateModified\":\"2025-10-04T22:07:06+00:00\",\"description\":\"Vous retrouverez les artistes que le Festival Musique & Neige a d\u00e9j\u00e0 accueillis, mais d\u00e9couvrirez aussi de nouveaux visages.\",\"breadcrumb\":{\"@id\":\"https:\/\/www.musique-et-neige.ch\/les-artistes\/#breadcrumb\"},\"inLanguage\":\"en-US\",\"potentialAction\":[{\"@type\":\"ReadAction\",\"target\":[\"https:\/\/www.musique-et-neige.ch\/les-artistes\/\"]}]},{\"@type\":\"BreadcrumbList\",\"@id\":\"https:\/\/www.musique-et-neige.ch\/les-artistes\/#breadcrumb\",\"itemListElement\":[{\"@type\":\"ListItem\",\"position\":1,\"name\":\"Home\",\"item\":\"https:\/\/www.musique-et-neige.ch\/\"},{\"@type\":\"ListItem\",\"position\":2,\"name\":\"les artistes\"}]},{\"@type\":\"WebSite\",\"@id\":\"https:\/\/www.musique-et-neige.ch\/#website\",\"url\":\"https:\/\/www.musique-et-neige.ch\/\",\"name\":\"Festival Musique & Neige\",\"description\":\"Quand la musique de chambre enchante la montagne\",\"publisher\":{\"@id\":\"https:\/\/www.musique-et-neige.ch\/#organization\"},\"alternateName\":\"Musique & Neige\",\"potentialAction\":[{\"@type\":\"SearchAction\",\"target\":{\"@type\":\"EntryPoint\",\"urlTemplate\":\"https:\/\/www.musique-et-neige.ch\/?s={search_term_string}\"},\"query-input\":{\"@type\":\"PropertyValueSpecification\",\"valueRequired\":true,\"valueName\":\"search_term_string\"}}],\"inLanguage\":\"en-US\"},{\"@type\":\"Organization\",\"@id\":\"https:\/\/www.musique-et-neige.ch\/#organization\",\"name\":\"Festival Musique & Neige Les Diablerets\",\"alternateName\":\"Musique & Neige\",\"url\":\"https:\/\/www.musique-et-neige.ch\/\",\"logo\":{\"@type\":\"ImageObject\",\"inLanguage\":\"en-US\",\"@id\":\"https:\/\/www.musique-et-neige.ch\/#\/schema\/logo\/image\/\",\"url\":\"https:\/\/www.musique-et-neige.ch\/wp-content\/uploads\/Musique-et-neige-logo.jpg\",\"contentUrl\":\"https:\/\/www.musique-et-neige.ch\/wp-content\/uploads\/Musique-et-neige-logo.jpg\",\"width\":254,\"height\":159,\"caption\":\"Festival Musique & Neige Les Diablerets\"},\"image\":{\"@id\":\"https:\/\/www.musique-et-neige.ch\/#\/schema\/logo\/image\/\"},\"sameAs\":[\"https:\/\/www.facebook.com\/FestivalMusiqueNeige\",\"https:\/\/www.instagram.com\/festival_musique_et_neige\/\"]},{\"@type\":\"Person\",\"@id\":\"https:\/\/www.musique-et-neige.ch\/#\/schema\/person\/db2eb97a2dbeee26becb54659778a71d\",\"name\":\"admin\"}]}<\/script>\n<!-- \/ Yoast SEO Premium plugin. -->","yoast_head_json":{"title":"The artists","description":"You'll find the same artists that the Festival Musique &amp; Neige has already welcomed, but you'll also discover some new faces.","robots":{"index":"index","follow":"follow","max-snippet":"max-snippet:-1","max-image-preview":"max-image-preview:large","max-video-preview":"max-video-preview:-1"},"canonical":"https:\/\/www.musique-et-neige.ch\/en\/les-artistes\/","og_locale":"en_US","og_type":"article","og_title":"Les Artistes - Festival Musique & Neige - Les Diablerets","og_description":"Vous retrouverez des musiciens et ensembles que le Festival Musique & Neige a d\u00e9j\u00e0 accueillis, mais d\u00e9couvrirez aussi de nouveaux visages. Quant aux \u0153uvres propos\u00e9es par ces artistes confirm\u00e9s, laissez-vous surprendre.","og_url":"https:\/\/www.musique-et-neige.ch\/en\/wp-json\/wp\/v2\/pages\/1405","og_site_name":"Festival Musique &amp; Neige","article_publisher":"https:\/\/www.facebook.com\/FestivalMusiqueNeige","article_modified_time":"2025-10-04T22:07:06+00:00","og_image":[{"width":1080,"height":1080,"url":"https:\/\/www.musique-et-neige.ch\/wp-content\/uploads\/homepage-facebook3.jpg","type":"image\/jpeg"}],"twitter_card":"summary_large_image","twitter_title":"Les Artistes - Festival Musique & Neige - Les Diablerets","twitter_description":"Vous retrouverez des musiciens et ensembles que le Festival Musique & Neige a d\u00e9j\u00e0 accueillis, mais d\u00e9couvrirez aussi de nouveaux visages. Quant aux \u0153uvres propos\u00e9es par ces artistes confirm\u00e9s, laissez-vous surprendre.","twitter_image":"https:\/\/www.musique-et-neige.ch\/wp-content\/uploads\/homepage-twitter2-1.jpg","twitter_misc":{"Est. reading time":"1 minute"},"schema":{"@context":"https:\/\/schema.org","@graph":[{"@type":"Article","@id":"https:\/\/www.musique-et-neige.ch\/les-artistes\/#article","isPartOf":{"@id":"https:\/\/www.musique-et-neige.ch\/les-artistes\/"},"author":{"name":"admin","@id":"https:\/\/www.musique-et-neige.ch\/#\/schema\/person\/db2eb97a2dbeee26becb54659778a71d"},"headline":"Les Artistes","datePublished":"2021-11-02T15:36:10+00:00","dateModified":"2025-10-04T22:07:06+00:00","mainEntityOfPage":{"@id":"https:\/\/www.musique-et-neige.ch\/les-artistes\/"},"wordCount":389,"publisher":{"@id":"https:\/\/www.musique-et-neige.ch\/#organization"},"inLanguage":"en-US"},{"@type":"WebPage","@id":"https:\/\/www.musique-et-neige.ch\/les-artistes\/","url":"https:\/\/www.musique-et-neige.ch\/les-artistes\/","name":"The artists","isPartOf":{"@id":"https:\/\/www.musique-et-neige.ch\/#website"},"datePublished":"2021-11-02T15:36:10+00:00","dateModified":"2025-10-04T22:07:06+00:00","description":"You'll find the same artists that the Festival Musique &amp; Neige has already welcomed, but you'll also discover some new faces.","breadcrumb":{"@id":"https:\/\/www.musique-et-neige.ch\/les-artistes\/#breadcrumb"},"inLanguage":"en-US","potentialAction":[{"@type":"ReadAction","target":["https:\/\/www.musique-et-neige.ch\/les-artistes\/"]}]},{"@type":"BreadcrumbList","@id":"https:\/\/www.musique-et-neige.ch\/les-artistes\/#breadcrumb","itemListElement":[{"@type":"ListItem","position":1,"name":"Home","item":"https:\/\/www.musique-et-neige.ch\/"},{"@type":"ListItem","position":2,"name":"les artistes"}]},{"@type":"WebSite","@id":"https:\/\/www.musique-et-neige.ch\/#website","url":"https:\/\/www.musique-et-neige.ch\/","name":"Music &amp; Snow Festival","description":"When chamber music enchants the mountains","publisher":{"@id":"https:\/\/www.musique-et-neige.ch\/#organization"},"alternateName":"Musique & Neige","potentialAction":[{"@type":"SearchAction","target":{"@type":"EntryPoint","urlTemplate":"https:\/\/www.musique-et-neige.ch\/?s={search_term_string}"},"query-input":{"@type":"PropertyValueSpecification","valueRequired":true,"valueName":"search_term_string"}}],"inLanguage":"en-US"},{"@type":"Organization","@id":"https:\/\/www.musique-et-neige.ch\/#organization","name":"Festival Musique &amp; Neige Les Diablerets","alternateName":"Musique & Neige","url":"https:\/\/www.musique-et-neige.ch\/","logo":{"@type":"ImageObject","inLanguage":"en-US","@id":"https:\/\/www.musique-et-neige.ch\/#\/schema\/logo\/image\/","url":"https:\/\/www.musique-et-neige.ch\/wp-content\/uploads\/Musique-et-neige-logo.jpg","contentUrl":"https:\/\/www.musique-et-neige.ch\/wp-content\/uploads\/Musique-et-neige-logo.jpg","width":254,"height":159,"caption":"Festival Musique & Neige Les Diablerets"},"image":{"@id":"https:\/\/www.musique-et-neige.ch\/#\/schema\/logo\/image\/"},"sameAs":["https:\/\/www.facebook.com\/FestivalMusiqueNeige","https:\/\/www.instagram.com\/festival_musique_et_neige\/"]},{"@type":"Person","@id":"https:\/\/www.musique-et-neige.ch\/#\/schema\/person\/db2eb97a2dbeee26becb54659778a71d","name":"admin"}]}},"_links":{"self":[{"href":"https:\/\/www.musique-et-neige.ch\/en\/wp-json\/wp\/v2\/pages\/1405","targetHints":{"allow":["GET"]}}],"collection":[{"href":"https:\/\/www.musique-et-neige.ch\/en\/wp-json\/wp\/v2\/pages"}],"about":[{"href":"https:\/\/www.musique-et-neige.ch\/en\/wp-json\/wp\/v2\/types\/page"}],"author":[{"embeddable":true,"href":"https:\/\/www.musique-et-neige.ch\/en\/wp-json\/wp\/v2\/users\/1"}],"replies":[{"embeddable":true,"href":"https:\/\/www.musique-et-neige.ch\/en\/wp-json\/wp\/v2\/comments?post=1405"}],"version-history":[{"count":39,"href":"https:\/\/www.musique-et-neige.ch\/en\/wp-json\/wp\/v2\/pages\/1405\/revisions"}],"predecessor-version":[{"id":217700,"href":"https:\/\/www.musique-et-neige.ch\/en\/wp-json\/wp\/v2\/pages\/1405\/revisions\/217700"}],"wp:attachment":[{"href":"https:\/\/www.musique-et-neige.ch\/en\/wp-json\/wp\/v2\/media?parent=1405"}],"curies":[{"name":"wp","href":"https:\/\/api.w.org\/{rel}","templated":true}]}}