{"id":1363,"date":"2021-11-02T16:04:44","date_gmt":"2021-11-02T15:04:44","guid":{"rendered":"https:\/\/diableries.space\/musique-et-neige\/?page_id=1363"},"modified":"2026-03-11T16:17:12","modified_gmt":"2026-03-11T15:17:12","slug":"le-programme","status":"publish","type":"page","link":"https:\/\/www.musique-et-neige.ch\/en\/le-programme\/","title":{"rendered":"Concerts"},"content":{"rendered":"<p>[et_pb_section fb_built=\u00a0\u00bb1&Prime; fullwidth=\u00a0\u00bbon\u00a0\u00bb next_background_color=\u00a0\u00bb#ffffff\u00a0\u00bb _builder_version=\u00a0\u00bb4.16&Prime; _module_preset=\u00a0\u00bbdefault\u00a0\u00bb background_color=\u00a0\u00bb#31A9DE\u00a0\u00bb background_color_gradient_direction=\u00a0\u00bb360deg\u00a0\u00bb background_enable_image=\u00a0\u00bboff\u00a0\u00bb min_height=\u00a0\u00bb300px\u00a0\u00bb bottom_divider_style=\u00a0\u00bbwave2&Prime; global_colors_info=\u00a0\u00bb{}\u00a0\u00bb][et_pb_fullwidth_post_title meta=\u00a0\u00bboff\u00a0\u00bb featured_image=\u00a0\u00bboff\u00a0\u00bb _builder_version=\u00a0\u00bb4.16&Prime; _module_preset=\u00a0\u00bbdefault\u00a0\u00bb title_font=\u00a0\u00bb|600||on|||||\u00a0\u00bb title_text_align=\u00a0\u00bbcenter\u00a0\u00bb title_text_color=\u00a0\u00bb#FFFFFF\u00a0\u00bb title_font_size=\u00a0\u00bb36px\u00a0\u00bb global_colors_info=\u00a0\u00bb{}\u00a0\u00bb][\/et_pb_fullwidth_post_title][\/et_pb_section][et_pb_section fb_built=\u00a0\u00bb1&Prime; _builder_version=\u00a0\u00bb4.16&Prime; _module_preset=\u00a0\u00bbdefault\u00a0\u00bb positioning=\u00a0\u00bbnone\u00a0\u00bb vertical_offset=\u00a0\u00bb100px\u00a0\u00bb vertical_offset_tablet=\u00a0\u00bb56px\u00a0\u00bb vertical_offset_phone=\u00a0\u00bb56px\u00a0\u00bb vertical_offset_last_edited=\u00a0\u00bbon|tablet\u00a0\u00bb custom_margin=\u00a0\u00bb-8px||||false|false\u00a0\u00bb custom_padding=\u00a0\u00bb46px||||false|false\u00a0\u00bb custom_css_main_element=\u00a0\u00bbmin-height:75vh;\u00a0\u00bb global_colors_info=\u00a0\u00bb{}\u00a0\u00bb][et_pb_row use_custom_gutter=\u00a0\u00bbon\u00a0\u00bb gutter_width=\u00a0\u00bb1&Prime; make_equal=\u00a0\u00bbon\u00a0\u00bb _builder_version=\u00a0\u00bb4.16&Prime; _module_preset=\u00a0\u00bbdefault\u00a0\u00bb background_enable_color=\u00a0\u00bboff\u00a0\u00bb module_alignment=\u00a0\u00bbcenter\u00a0\u00bb custom_margin=\u00a0\u00bb||||false|false\u00a0\u00bb custom_padding=\u00a0\u00bb||||false|false\u00a0\u00bb global_colors_info=\u00a0\u00bb{}\u00a0\u00bb][et_pb_column type=\u00a0\u00bb4_4&Prime; _builder_version=\u00a0\u00bb4.16&Prime; _module_preset=\u00a0\u00bbdefault\u00a0\u00bb global_colors_info=\u00a0\u00bb{}\u00a0\u00bb][et_pb_text _builder_version=\u00a0\u00bb4.27.5&Prime; _module_preset=\u00a0\u00bbdefault\u00a0\u00bb text_orientation=\u00a0\u00bbjustified\u00a0\u00bb width=\u00a0\u00bb80%\u00a0\u00bb module_alignment=\u00a0\u00bbcenter\u00a0\u00bb hover_enabled=\u00a0\u00bb0&Prime; global_colors_info=\u00a0\u00bb{}\u00a0\u00bb sticky_enabled=\u00a0\u00bb0&Prime;]<\/p>\n<p>Ci-dessous le programme des 8 concerts de cette 57\u00e8me \u00e9dition !<\/p>\n<p>Notre directeur artistique, Gilles Champoud, une fois de plus, a r\u00e9ussi \u00e0 composer un\u00a0 programme d\u2019exception. Vous y retrouverez des artistes qui ont d\u00e9j\u00e0 marqu\u00e9 les auditeurs par leur talent, mais \u00e9galement de nouvelles d\u00e9couvertes qui vous ont \u00e9merveill\u00e9. La qualit\u00e9 exceptionnelle de notre programmation a attir\u00e9 l\u2019attention de la RTS &#8211; Espace 2, qui a\u00a0 enregistr\u00e9 un concert parmi les huit que nous avons eu le plaisir de vous pr\u00e9senter. Une reconnaissance qui souligne l\u2019excellence de notre festival et qui permet de partager notre passion pour la musique avec le plus grand nombre.<\/p>\n<p>[\/et_pb_text][et_pb_de_mach_archive_loop post_type_choose=\u00a0\u00bbpost|off|off|off|off|off|off|off|on\u00a0\u00bb loop_layout=\u00a0\u00bb1370&Prime; filter_update_animation=\u00a0\u00bbload-4&Prime; animation_color=\u00a0\u00bb#31A9DE\u00a0\u00bb loading_bg_color=\u00a0\u00bb#31A9DE\u00a0\u00bb no_posts_layout=\u00a0\u00bb1031&Prime; is_main_loop=\u00a0\u00bboff\u00a0\u00bb show_current_post=\u00a0\u00bbon\u00a0\u00bb posts_number=\u00a0\u00bb8&Prime; acf_name=\u00a0\u00bbfield_6172ade68bca0&Prime; sort_order=\u00a0\u00bbacf_date_picker\u00a0\u00bb acf_date_picker_field=\u00a0\u00bbfield_6172ade68bca0&Prime; link_whole_gird=\u00a0\u00bbon\u00a0\u00bb equal_height=\u00a0\u00bbon\u00a0\u00bb align_last_bottom=\u00a0\u00bboff\u00a0\u00bb columns=\u00a0\u00bb1&Prime; columns_tablet=\u00a0\u00bb1&Prime; custom_gutter_width=\u00a0\u00bbon\u00a0\u00bb gutter_row_gap=\u00a0\u00bb0px\u00a0\u00bb gutter_row_column=\u00a0\u00bb10px\u00a0\u00bb button_alignment=\u00a0\u00bbcenter\u00a0\u00bb disabled_on=\u00a0\u00bboff|off|off\u00a0\u00bb admin_label=\u00a0\u00bbconcerts-loop\u00a0\u00bb _builder_version=\u00a0\u00bb4.27.4&Prime; _module_preset=\u00a0\u00bbdefault\u00a0\u00bb background_color=\u00a0\u00bbRGBA(0,0,0,0)\u00a0\u00bb background_enable_image=\u00a0\u00bboff\u00a0\u00bb width=\u00a0\u00bb100%\u00a0\u00bb max_width=\u00a0\u00bb100%\u00a0\u00bb custom_margin=\u00a0\u00bb0px||0px||false|false\u00a0\u00bb custom_padding=\u00a0\u00bb0px||0px||false|false\u00a0\u00bb global_colors_info=\u00a0\u00bb{}\u00a0\u00bb][\/et_pb_de_mach_archive_loop][\/et_pb_column][\/et_pb_row][et_pb_row _builder_version=\u00a0\u00bb4.27.4&Prime; _module_preset=\u00a0\u00bbdefault\u00a0\u00bb custom_margin=\u00a0\u00bb|auto|18px|auto||\u00a0\u00bb global_colors_info=\u00a0\u00bb{}\u00a0\u00bb][et_pb_column type=\u00a0\u00bb4_4&Prime; _builder_version=\u00a0\u00bb4.16&Prime; _module_preset=\u00a0\u00bbdefault\u00a0\u00bb global_colors_info=\u00a0\u00bb{}\u00a0\u00bb][et_pb_button button_url=\u00a0\u00bbhttps:\/\/www.musique-et-neige.ch\/wp-content\/uploads\/web-Brochure_musique-et-neige_57e.pdf\u00a0\u00bb url_new_window=\u00a0\u00bbon\u00a0\u00bb button_text=\u00a0\u00bbT\u00e9l\u00e9chargez le programme en pdf\u00a0\u00bb disabled_on=\u00a0\u00bboff|off|off\u00a0\u00bb _builder_version=\u00a0\u00bb4.27.4&Prime; _module_preset=\u00a0\u00bbdefault\u00a0\u00bb button_font=\u00a0\u00bb|||on|||||\u00a0\u00bb global_colors_info=\u00a0\u00bb{}\u00a0\u00bb][\/et_pb_button][\/et_pb_column][\/et_pb_row][\/et_pb_section][et_pb_section fb_built=\u00a0\u00bb1&Prime; _builder_version=\u00a0\u00bb4.19.1&Prime; _module_preset=\u00a0\u00bbdefault\u00a0\u00bb min_height=\u00a0\u00bb119px\u00a0\u00bb custom_margin=\u00a0\u00bb93px||||false|false\u00a0\u00bb bottom_divider_style=\u00a0\u00bbwave\u00a0\u00bb bottom_divider_color=\u00a0\u00bb#4D555F\u00a0\u00bb global_colors_info=\u00a0\u00bb{}\u00a0\u00bb][\/et_pb_section]<\/p>\n","protected":false},"excerpt":{"rendered":"<p>Ci-dessous le programme des 8 concerts de cette 57\u00e8me \u00e9dition ! Notre directeur artistique, Gilles Champoud, une fois de plus, a r\u00e9ussi \u00e0 composer un\u00a0 programme d\u2019exception. Vous y retrouverez des artistes qui ont d\u00e9j\u00e0 marqu\u00e9 les auditeurs par leur talent, mais \u00e9galement de nouvelles d\u00e9couvertes qui vous ont \u00e9merveill\u00e9. La qualit\u00e9 exceptionnelle de notre programmation a attir\u00e9 l\u2019attention de la RTS &#8211; Espace 2, qui a\u00a0 enregistr\u00e9 un concert parmi les huit que nous avons eu le plaisir de vous pr\u00e9senter. Une reconnaissance qui souligne l\u2019excellence de notre festival et qui permet de partager notre passion pour la musique avec le plus grand nombre.<\/p>","protected":false},"author":1,"featured_media":0,"parent":0,"menu_order":0,"comment_status":"closed","ping_status":"open","template":"","meta":{"_acf_changed":false,"_et_pb_use_builder":"on","_et_pb_old_content":"","_et_gb_content_width":"","footnotes":""},"class_list":["post-1363","page","type-page","status-publish","hentry"],"acf":[],"yoast_head":"<!-- This site is optimized with the Yoast SEO Premium plugin v27.1 (Yoast SEO v27.1.1) - https:\/\/yoast.com\/product\/yoast-seo-premium-wordpress\/ -->\n<title>Les Concerts<\/title>\n<meta name=\"description\" content=\"D\u00e9couvrez le programme des 8 concerts de cette 53\u00e8me \u00e9dition du Festival Musique &amp; Neige Les Diablerets ! Vous retrouverez des musiciens et ensembles que nous avons d\u00e9j\u00e0 accueillis, mais d\u00e9couvrirez aussi de nouveaux visages.\" \/>\n<meta name=\"robots\" content=\"index, follow, max-snippet:-1, max-image-preview:large, max-video-preview:-1\" \/>\n<link rel=\"canonical\" href=\"https:\/\/www.musique-et-neige.ch\/en\/le-programme\/\" \/>\n<meta property=\"og:locale\" content=\"en_US\" \/>\n<meta property=\"og:type\" content=\"article\" \/>\n<meta property=\"og:title\" content=\"Les Concerts - Festival Musique &amp; Neige - Les Diablerets\" \/>\n<meta property=\"og:description\" content=\"D\u00e9couvrez le programme des 8 concerts de cette 53\u00e8me \u00e9dition du Festival Musique &amp; Neige Les Diablerets ! Vous retrouverez des musiciens et ensembles que nous avons d\u00e9j\u00e0 accueillis, mais d\u00e9couvrirez aussi de nouveaux visages.\" \/>\n<meta property=\"og:url\" content=\"https:\/\/www.musique-et-neige.ch\/en\/wp-json\/wp\/v2\/pages\/1363\" \/>\n<meta property=\"og:site_name\" content=\"Festival Musique &amp; Neige\" \/>\n<meta property=\"article:publisher\" content=\"https:\/\/www.facebook.com\/FestivalMusiqueNeige\" \/>\n<meta property=\"article:modified_time\" content=\"2026-03-11T15:17:12+00:00\" \/>\n<meta property=\"og:image\" content=\"https:\/\/www.musique-et-neige.ch\/wp-content\/uploads\/homepage-facebook-1.jpg\" \/>\n\t<meta property=\"og:image:width\" content=\"1080\" \/>\n\t<meta property=\"og:image:height\" content=\"1080\" \/>\n\t<meta property=\"og:image:type\" content=\"image\/jpeg\" \/>\n<meta name=\"twitter:card\" content=\"summary_large_image\" \/>\n<meta name=\"twitter:title\" content=\"Les Concerts - Festival Musique &amp; Neige - Les Diablerets\" \/>\n<meta name=\"twitter:description\" content=\"D\u00e9couvrez le programme des 8 concerts de cette 53\u00e8me \u00e9dition !Notre directeur artistique, Gilles Champoud, vous a concoct\u00e9 un magnifique programme. Vous retrouverez des musiciens et ensembles que nous avons d\u00e9j\u00e0 accueillis, mais d\u00e9couvrirez aussi de nouveaux visages. D\u00e9couvrez le programme des 8 concerts de cette 53\u00e8me \u00e9dition du Festival Musique &amp; Neige Les Diablerets ! Vous retrouverez des musiciens et ensembles que nous avons d\u00e9j\u00e0 accueillis, mais d\u00e9couvrirez aussi de nouveaux visages.\" \/>\n<meta name=\"twitter:image\" content=\"https:\/\/www.musique-et-neige.ch\/wp-content\/uploads\/homepage-twitter-1.jpg\" \/>\n<meta name=\"twitter:label1\" content=\"Est. reading time\" \/>\n\t<meta name=\"twitter:data1\" content=\"1 minute\" \/>\n<script type=\"application\/ld+json\" class=\"yoast-schema-graph\">{\"@context\":\"https:\/\/schema.org\",\"@graph\":[{\"@type\":\"Article\",\"@id\":\"https:\/\/www.musique-et-neige.ch\/le-programme\/#article\",\"isPartOf\":{\"@id\":\"https:\/\/www.musique-et-neige.ch\/le-programme\/\"},\"author\":{\"name\":\"admin\",\"@id\":\"https:\/\/www.musique-et-neige.ch\/#\/schema\/person\/db2eb97a2dbeee26becb54659778a71d\"},\"headline\":\"Les Concerts\",\"datePublished\":\"2021-11-02T15:04:44+00:00\",\"dateModified\":\"2026-03-11T15:17:12+00:00\",\"mainEntityOfPage\":{\"@id\":\"https:\/\/www.musique-et-neige.ch\/le-programme\/\"},\"wordCount\":570,\"publisher\":{\"@id\":\"https:\/\/www.musique-et-neige.ch\/#organization\"},\"inLanguage\":\"en-US\"},{\"@type\":\"WebPage\",\"@id\":\"https:\/\/www.musique-et-neige.ch\/le-programme\/\",\"url\":\"https:\/\/www.musique-et-neige.ch\/le-programme\/\",\"name\":\"Les Concerts\",\"isPartOf\":{\"@id\":\"https:\/\/www.musique-et-neige.ch\/#website\"},\"datePublished\":\"2021-11-02T15:04:44+00:00\",\"dateModified\":\"2026-03-11T15:17:12+00:00\",\"description\":\"D\u00e9couvrez le programme des 8 concerts de cette 53\u00e8me \u00e9dition du Festival Musique & Neige Les Diablerets ! Vous retrouverez des musiciens et ensembles que nous avons d\u00e9j\u00e0 accueillis, mais d\u00e9couvrirez aussi de nouveaux visages.\",\"breadcrumb\":{\"@id\":\"https:\/\/www.musique-et-neige.ch\/le-programme\/#breadcrumb\"},\"inLanguage\":\"en-US\",\"potentialAction\":[{\"@type\":\"ReadAction\",\"target\":[\"https:\/\/www.musique-et-neige.ch\/le-programme\/\"]}]},{\"@type\":\"BreadcrumbList\",\"@id\":\"https:\/\/www.musique-et-neige.ch\/le-programme\/#breadcrumb\",\"itemListElement\":[{\"@type\":\"ListItem\",\"position\":1,\"name\":\"Home\",\"item\":\"https:\/\/www.musique-et-neige.ch\/\"},{\"@type\":\"ListItem\",\"position\":2,\"name\":\"Les Concerts\"}]},{\"@type\":\"WebSite\",\"@id\":\"https:\/\/www.musique-et-neige.ch\/#website\",\"url\":\"https:\/\/www.musique-et-neige.ch\/\",\"name\":\"Festival Musique & Neige\",\"description\":\"Quand la musique de chambre enchante la montagne\",\"publisher\":{\"@id\":\"https:\/\/www.musique-et-neige.ch\/#organization\"},\"alternateName\":\"Musique & Neige\",\"potentialAction\":[{\"@type\":\"SearchAction\",\"target\":{\"@type\":\"EntryPoint\",\"urlTemplate\":\"https:\/\/www.musique-et-neige.ch\/?s={search_term_string}\"},\"query-input\":{\"@type\":\"PropertyValueSpecification\",\"valueRequired\":true,\"valueName\":\"search_term_string\"}}],\"inLanguage\":\"en-US\"},{\"@type\":\"Organization\",\"@id\":\"https:\/\/www.musique-et-neige.ch\/#organization\",\"name\":\"Festival Musique & Neige Les Diablerets\",\"alternateName\":\"Musique & Neige\",\"url\":\"https:\/\/www.musique-et-neige.ch\/\",\"logo\":{\"@type\":\"ImageObject\",\"inLanguage\":\"en-US\",\"@id\":\"https:\/\/www.musique-et-neige.ch\/#\/schema\/logo\/image\/\",\"url\":\"https:\/\/www.musique-et-neige.ch\/wp-content\/uploads\/Musique-et-neige-logo.jpg\",\"contentUrl\":\"https:\/\/www.musique-et-neige.ch\/wp-content\/uploads\/Musique-et-neige-logo.jpg\",\"width\":254,\"height\":159,\"caption\":\"Festival Musique & Neige Les Diablerets\"},\"image\":{\"@id\":\"https:\/\/www.musique-et-neige.ch\/#\/schema\/logo\/image\/\"},\"sameAs\":[\"https:\/\/www.facebook.com\/FestivalMusiqueNeige\",\"https:\/\/www.instagram.com\/festival_musique_et_neige\/\"]},{\"@type\":\"Person\",\"@id\":\"https:\/\/www.musique-et-neige.ch\/#\/schema\/person\/db2eb97a2dbeee26becb54659778a71d\",\"name\":\"admin\"}]}<\/script>\n<!-- \/ Yoast SEO Premium plugin. -->","yoast_head_json":{"title":"Concerts","description":"Discover the 8-concert program for the 53rd edition of the Festival Musique &amp; Neige Les Diablerets! You'll find musicians and ensembles we've already welcomed, but you'll also discover some new faces.","robots":{"index":"index","follow":"follow","max-snippet":"max-snippet:-1","max-image-preview":"max-image-preview:large","max-video-preview":"max-video-preview:-1"},"canonical":"https:\/\/www.musique-et-neige.ch\/en\/le-programme\/","og_locale":"en_US","og_type":"article","og_title":"Les Concerts - Festival Musique & Neige - Les Diablerets","og_description":"D\u00e9couvrez le programme des 8 concerts de cette 53\u00e8me \u00e9dition du Festival Musique & Neige Les Diablerets ! Vous retrouverez des musiciens et ensembles que nous avons d\u00e9j\u00e0 accueillis, mais d\u00e9couvrirez aussi de nouveaux visages.","og_url":"https:\/\/www.musique-et-neige.ch\/en\/wp-json\/wp\/v2\/pages\/1363","og_site_name":"Festival Musique &amp; Neige","article_publisher":"https:\/\/www.facebook.com\/FestivalMusiqueNeige","article_modified_time":"2026-03-11T15:17:12+00:00","og_image":[{"width":1080,"height":1080,"url":"https:\/\/www.musique-et-neige.ch\/wp-content\/uploads\/homepage-facebook-1.jpg","type":"image\/jpeg"}],"twitter_card":"summary_large_image","twitter_title":"Les Concerts - Festival Musique & Neige - Les Diablerets","twitter_description":"D\u00e9couvrez le programme des 8 concerts de cette 53\u00e8me \u00e9dition !Notre directeur artistique, Gilles Champoud, vous a concoct\u00e9 un magnifique programme. Vous retrouverez des musiciens et ensembles que nous avons d\u00e9j\u00e0 accueillis, mais d\u00e9couvrirez aussi de nouveaux visages. D\u00e9couvrez le programme des 8 concerts de cette 53\u00e8me \u00e9dition du Festival Musique & Neige Les Diablerets ! Vous retrouverez des musiciens et ensembles que nous avons d\u00e9j\u00e0 accueillis, mais d\u00e9couvrirez aussi de nouveaux visages.","twitter_image":"https:\/\/www.musique-et-neige.ch\/wp-content\/uploads\/homepage-twitter-1.jpg","twitter_misc":{"Est. reading time":"1 minute"},"schema":{"@context":"https:\/\/schema.org","@graph":[{"@type":"Article","@id":"https:\/\/www.musique-et-neige.ch\/le-programme\/#article","isPartOf":{"@id":"https:\/\/www.musique-et-neige.ch\/le-programme\/"},"author":{"name":"admin","@id":"https:\/\/www.musique-et-neige.ch\/#\/schema\/person\/db2eb97a2dbeee26becb54659778a71d"},"headline":"Les Concerts","datePublished":"2021-11-02T15:04:44+00:00","dateModified":"2026-03-11T15:17:12+00:00","mainEntityOfPage":{"@id":"https:\/\/www.musique-et-neige.ch\/le-programme\/"},"wordCount":570,"publisher":{"@id":"https:\/\/www.musique-et-neige.ch\/#organization"},"inLanguage":"en-US"},{"@type":"WebPage","@id":"https:\/\/www.musique-et-neige.ch\/le-programme\/","url":"https:\/\/www.musique-et-neige.ch\/le-programme\/","name":"Concerts","isPartOf":{"@id":"https:\/\/www.musique-et-neige.ch\/#website"},"datePublished":"2021-11-02T15:04:44+00:00","dateModified":"2026-03-11T15:17:12+00:00","description":"Discover the 8-concert program for the 53rd edition of the Festival Musique &amp; Neige Les Diablerets! You'll find musicians and ensembles we've already welcomed, but you'll also discover some new faces.","breadcrumb":{"@id":"https:\/\/www.musique-et-neige.ch\/le-programme\/#breadcrumb"},"inLanguage":"en-US","potentialAction":[{"@type":"ReadAction","target":["https:\/\/www.musique-et-neige.ch\/le-programme\/"]}]},{"@type":"BreadcrumbList","@id":"https:\/\/www.musique-et-neige.ch\/le-programme\/#breadcrumb","itemListElement":[{"@type":"ListItem","position":1,"name":"Home","item":"https:\/\/www.musique-et-neige.ch\/"},{"@type":"ListItem","position":2,"name":"Les Concerts"}]},{"@type":"WebSite","@id":"https:\/\/www.musique-et-neige.ch\/#website","url":"https:\/\/www.musique-et-neige.ch\/","name":"Music &amp; Snow Festival","description":"When chamber music enchants the mountains","publisher":{"@id":"https:\/\/www.musique-et-neige.ch\/#organization"},"alternateName":"Musique & Neige","potentialAction":[{"@type":"SearchAction","target":{"@type":"EntryPoint","urlTemplate":"https:\/\/www.musique-et-neige.ch\/?s={search_term_string}"},"query-input":{"@type":"PropertyValueSpecification","valueRequired":true,"valueName":"search_term_string"}}],"inLanguage":"en-US"},{"@type":"Organization","@id":"https:\/\/www.musique-et-neige.ch\/#organization","name":"Festival Musique &amp; Neige Les Diablerets","alternateName":"Musique & Neige","url":"https:\/\/www.musique-et-neige.ch\/","logo":{"@type":"ImageObject","inLanguage":"en-US","@id":"https:\/\/www.musique-et-neige.ch\/#\/schema\/logo\/image\/","url":"https:\/\/www.musique-et-neige.ch\/wp-content\/uploads\/Musique-et-neige-logo.jpg","contentUrl":"https:\/\/www.musique-et-neige.ch\/wp-content\/uploads\/Musique-et-neige-logo.jpg","width":254,"height":159,"caption":"Festival Musique & Neige Les Diablerets"},"image":{"@id":"https:\/\/www.musique-et-neige.ch\/#\/schema\/logo\/image\/"},"sameAs":["https:\/\/www.facebook.com\/FestivalMusiqueNeige","https:\/\/www.instagram.com\/festival_musique_et_neige\/"]},{"@type":"Person","@id":"https:\/\/www.musique-et-neige.ch\/#\/schema\/person\/db2eb97a2dbeee26becb54659778a71d","name":"admin"}]}},"_links":{"self":[{"href":"https:\/\/www.musique-et-neige.ch\/en\/wp-json\/wp\/v2\/pages\/1363","targetHints":{"allow":["GET"]}}],"collection":[{"href":"https:\/\/www.musique-et-neige.ch\/en\/wp-json\/wp\/v2\/pages"}],"about":[{"href":"https:\/\/www.musique-et-neige.ch\/en\/wp-json\/wp\/v2\/types\/page"}],"author":[{"embeddable":true,"href":"https:\/\/www.musique-et-neige.ch\/en\/wp-json\/wp\/v2\/users\/1"}],"replies":[{"embeddable":true,"href":"https:\/\/www.musique-et-neige.ch\/en\/wp-json\/wp\/v2\/comments?post=1363"}],"version-history":[{"count":49,"href":"https:\/\/www.musique-et-neige.ch\/en\/wp-json\/wp\/v2\/pages\/1363\/revisions"}],"predecessor-version":[{"id":218114,"href":"https:\/\/www.musique-et-neige.ch\/en\/wp-json\/wp\/v2\/pages\/1363\/revisions\/218114"}],"wp:attachment":[{"href":"https:\/\/www.musique-et-neige.ch\/en\/wp-json\/wp\/v2\/media?parent=1363"}],"curies":[{"name":"wp","href":"https:\/\/api.w.org\/{rel}","templated":true}]}}