{"id":1250,"date":"2021-11-01T22:55:42","date_gmt":"2021-11-01T21:55:42","guid":{"rendered":"https:\/\/diableries.space\/musique-et-neige\/?page_id=1250"},"modified":"2022-01-25T14:56:47","modified_gmt":"2022-01-25T13:56:47","slug":"les-amis","status":"publish","type":"page","link":"https:\/\/www.musique-et-neige.ch\/en\/les-amis\/","title":{"rendered":"Friends of the Music &amp; Snow Festival"},"content":{"rendered":"\n[et_pb_section fb_built=\u00a0\u00bb1&Prime; fullwidth=\u00a0\u00bbon\u00a0\u00bb next_background_color=\u00a0\u00bb#ffffff\u00a0\u00bb _builder_version=\u00a0\u00bb4.12.1&Prime; _module_preset=\u00a0\u00bbdefault\u00a0\u00bb background_color=\u00a0\u00bb#31A9DE\u00a0\u00bb background_color_gradient_direction=\u00a0\u00bb360deg\u00a0\u00bb background_enable_image=\u00a0\u00bboff\u00a0\u00bb min_height=\u00a0\u00bb300px\u00a0\u00bb bottom_divider_style=\u00a0\u00bbwave2&Prime; global_colors_info=\u00a0\u00bb{}\u00a0\u00bb][et_pb_fullwidth_post_title meta=\u00a0\u00bboff\u00a0\u00bb featured_image=\u00a0\u00bboff\u00a0\u00bb _builder_version=\u00a0\u00bb4.12.1&Prime; _module_preset=\u00a0\u00bbdefault\u00a0\u00bb title_font=\u00a0\u00bb|600||on|||||\u00a0\u00bb title_text_align=\u00a0\u00bbcenter\u00a0\u00bb title_text_color=\u00a0\u00bb#FFFFFF\u00a0\u00bb title_font_size=\u00a0\u00bb36px\u00a0\u00bb global_colors_info=\u00a0\u00bb{}\u00a0\u00bb][\/et_pb_fullwidth_post_title][\/et_pb_section][et_pb_section fb_built=\u00a0\u00bb1&Prime; _builder_version=\u00a0\u00bb4.12.1&Prime; _module_preset=\u00a0\u00bbdefault\u00a0\u00bb custom_padding=\u00a0\u00bb||0px|||\u00a0\u00bb custom_css_main_element=\u00a0\u00bbmin-height:40vh;\t\u00a0\u00bb global_colors_info=\u00a0\u00bb{}\u00a0\u00bb][et_pb_row _builder_version=\u00a0\u00bb4.12.0&Prime; _module_preset=\u00a0\u00bbdefault\u00a0\u00bb global_colors_info=\u00a0\u00bb{}\u00a0\u00bb][et_pb_column type=\u00a0\u00bb4_4&Prime; _builder_version=\u00a0\u00bb4.12.0&Prime; _module_preset=\u00a0\u00bbdefault\u00a0\u00bb global_colors_info=\u00a0\u00bb{}\u00a0\u00bb][et_pb_text _builder_version=\u00a0\u00bb4.13.1&Prime; _module_preset=\u00a0\u00bbdefault\u00a0\u00bb global_colors_info=\u00a0\u00bb{}\u00a0\u00bb]<p>L\u2019Association des Amis du Festival Musique &amp; Neige Les Diablerets a \u00e9t\u00e9 cr\u00e9\u00e9e en 1988. Elle a pour vocation a pour but d\u2019encourager et de soutenir l\u2019organisation du Festival Musique &amp; Neige Les Diablerets \u2013 Vers -L\u2019Eglise, notamment en lui apportant un soutien financier. Les Amis soutiennent le festival avec une cotisation annuelle de CHF 70.- par personne ou de CHF 120.- par couple. Ils participent aux d\u00e9cisions de l\u2019Assembl\u00e9e G\u00e9n\u00e9rale et b\u00e9n\u00e9ficient d\u2019un tarif pr\u00e9f\u00e9rentiel sur les billets des concerts.<\/p>\n<p><span><\/span><\/p>[\/et_pb_text][\/et_pb_column][\/et_pb_row][et_pb_row _builder_version=\u00a0\u00bb4.13.1&Prime; _module_preset=\u00a0\u00bbdefault\u00a0\u00bb global_colors_info=\u00a0\u00bb{}\u00a0\u00bb][et_pb_column type=\u00a0\u00bb4_4&Prime; _builder_version=\u00a0\u00bb4.13.1&Prime; _module_preset=\u00a0\u00bbdefault\u00a0\u00bb global_colors_info=\u00a0\u00bb{}\u00a0\u00bb][et_pb_text _builder_version=\u00a0\u00bb4.13.1&Prime; _module_preset=\u00a0\u00bbdefault\u00a0\u00bb global_colors_info=\u00a0\u00bb{}\u00a0\u00bb]<h2 style=\"text-align: center;\">Rejoignez les Amis du Festival !<\/h2>[\/et_pb_text][dsm_contact_form_7 cf7_library=\u00a0\u00bb215752&Prime; show_validation=\u00a0\u00bbon\u00a0\u00bb _builder_version=\u00a0\u00bb4.13.1&Prime; _module_preset=\u00a0\u00bbdefault\u00a0\u00bb custom_button_one=\u00a0\u00bbon\u00a0\u00bb button_one_text_color=\u00a0\u00bb#FFFFFF\u00a0\u00bb button_one_bg_color=\u00a0\u00bb#31A9DE\u00a0\u00bb global_colors_info=\u00a0\u00bb{}\u00a0\u00bb][\/dsm_contact_form_7][\/et_pb_column][\/et_pb_row][\/et_pb_section][et_pb_section fb_built=\u00a0\u00bb1&Prime; fullwidth=\u00a0\u00bbon\u00a0\u00bb _builder_version=\u00a0\u00bb4.14.1&Prime; _module_preset=\u00a0\u00bbdefault\u00a0\u00bb background_image=\u00a0\u00bbhttps:\/\/www.musique-et-neige.ch\/wp-content\/uploads\/YOA_4469.jpg\u00a0\u00bb height=\u00a0\u00bb800px\u00a0\u00bb height_tablet=\u00a0\u00bb500px\u00a0\u00bb height_phone=\u00a0\u00bb300px\u00a0\u00bb height_last_edited=\u00a0\u00bbon|desktop\u00a0\u00bb top_divider_style=\u00a0\u00bbwave\u00a0\u00bb top_divider_color=\u00a0\u00bb#FFFFFF\u00a0\u00bb bottom_divider_style=\u00a0\u00bbwave\u00a0\u00bb bottom_divider_color=\u00a0\u00bb#4D555F\u00a0\u00bb hover_enabled=\u00a0\u00bb0&Prime; global_colors_info=\u00a0\u00bb{}\u00a0\u00bb alt=\u00a0\u00bbHenri Demarquette &#8211; Alexandra Conunova &#8211; Jean-Fr\u00e9d\u00e9ric Neuburger &#8211; Festival Musique et Neige &#8211; Avril 2021&Prime; title_text=\u00a0\u00bbFestival Musique et Neige Avril 2021 &#8211; photo Yoann Huck\u00a0\u00bb sticky_enabled=\u00a0\u00bb0&Prime;][\/et_pb_section]\n","protected":false},"excerpt":{"rendered":"<p>The Association des Amis du Festival Musique &amp; Neige Les Diablerets was founded in 1988. Its purpose is to encourage and support the organization of the Festival Musique &amp; Neige Les Diablerets - Vers -L'Eglise, in particular by providing financial support. Friends support the festival with an annual subscription of CHF 70 per person or CHF 120 per couple. They take part in the decisions of the Annual General Meeting and benefit from preferential rates on concert tickets. Join the Friends of the Festival!<div class=\"et_pb_module dsm_contact_form_7 dsm_contact_form_7_0\">\n\t\t\t\t\n\t\t\t\t\n\t\t\t\t\n\t\t\t\t\n\t\t\t\t\n\t\t\t\t\n\t\t\t\t<div class=\"et_pb_module_inner\">\n\t\t\t\t\t<div class=\"\">\n\t\t\t\t\n<div class=\"wpcf7 no-js\" id=\"wpcf7-f215752-o1\" lang=\"en-US\" dir=\"ltr\" data-wpcf7-id=\"215752\">\n<div class=\"screen-reader-response\"><p role=\"status\" aria-live=\"polite\" aria-atomic=\"true\"><\/p> <ul><\/ul><\/div>\n<form action=\"\/en\/wp-json\/wp\/v2\/pages\/1250#wpcf7-f215752-o1\" method=\"post\" class=\"wpcf7-form init\" aria-label=\"Contact form\" novalidate=\"novalidate\" data-status=\"init\" data-trp-original-action=\"\/en\/wp-json\/wp\/v2\/pages\/1250#wpcf7-f215752-o1\">\n<fieldset class=\"hidden-fields-container\"><input type=\"hidden\" name=\"_wpcf7\" value=\"215752\" \/><input type=\"hidden\" name=\"_wpcf7_version\" value=\"6.1.5\" \/><input type=\"hidden\" name=\"_wpcf7_locale\" value=\"en_US\" \/><input type=\"hidden\" name=\"_wpcf7_unit_tag\" value=\"wpcf7-f215752-o1\" \/><input type=\"hidden\" name=\"_wpcf7_container_post\" value=\"0\" \/><input type=\"hidden\" name=\"_wpcf7_posted_data_hash\" value=\"\" \/><input type=\"hidden\" name=\"_wpcf7_recaptcha_response\" value=\"\" \/>\n<\/fieldset>\n<p><span class=\"wpcf7-form-control-wrap\" data-name=\"type-cotisation\"><span class=\"wpcf7-form-control wpcf7-radio\"><span class=\"wpcf7-list-item first\"><label><input type=\"radio\" name=\"type-cotisation\" value=\"Par personne\" checked=\"checked\" \/><span class=\"wpcf7-list-item-label\">Per person<\/span><\/label><\/span><span class=\"wpcf7-list-item last\"><label><input type=\"radio\" name=\"type-cotisation\" value=\"Par couple\" \/><span class=\"wpcf7-list-item-label\">Per couple<\/span><\/label><\/span><\/span><\/span>\n<\/p>\n<p><span class=\"wpcf7-form-control-wrap\" data-name=\"your-name\"><input size=\"40\" maxlength=\"400\" class=\"wpcf7-form-control wpcf7-text wpcf7-validates-as-required\" aria-required=\"true\" aria-invalid=\"false\" placeholder=\"Last name, First name\" value=\"\" type=\"text\" name=\"your-name\" \/><\/span>\n<\/p>\n<p><span class=\"wpcf7-form-control-wrap\" data-name=\"your-email\"><input size=\"40\" maxlength=\"400\" class=\"wpcf7-form-control wpcf7-email wpcf7-validates-as-required wpcf7-text wpcf7-validates-as-email\" aria-required=\"true\" aria-invalid=\"false\" placeholder=\"Email address\" value=\"\" type=\"email\" name=\"your-email\" \/><\/span>\n<\/p>\n<p><span class=\"wpcf7-form-control-wrap\" data-name=\"your-subject\"><input size=\"40\" maxlength=\"400\" class=\"wpcf7-form-control wpcf7-text wpcf7-validates-as-required\" aria-required=\"true\" aria-invalid=\"false\" placeholder=\"Subject\" value=\"\" type=\"text\" name=\"your-subject\" \/><\/span>\n<\/p>\n<p><span class=\"wpcf7-form-control-wrap\" data-name=\"your-message\"><textarea cols=\"40\" rows=\"10\" maxlength=\"2000\" class=\"wpcf7-form-control wpcf7-textarea\" aria-invalid=\"false\" placeholder=\"Message\" name=\"your-message\"><\/textarea><\/span>\n<\/p>\n<p><button class=\"wpcf7-form-control wpcf7-submit has-spinner et_pb_button et_pb_bg_layout_light\" type=\"submit\" value=\"Envoyer\">Send<\/button>\n<\/p><div class=\"wpcf7-response-output\" aria-hidden=\"true\"><\/div>\n<input type=\"hidden\" name=\"trp-form-language\" value=\"en\"\/><\/form>\n<\/div>\n\n\t\t\t<\/div>\n\t\t\t\t<\/div>\n\t\t\t<\/div><\/p>","protected":false},"author":1,"featured_media":0,"parent":0,"menu_order":0,"comment_status":"closed","ping_status":"open","template":"","meta":{"_acf_changed":false,"_et_pb_use_builder":"on","_et_pb_old_content":"","_et_gb_content_width":"","footnotes":""},"class_list":["post-1250","page","type-page","status-publish","hentry"],"acf":[],"yoast_head":"<!-- This site is optimized with the Yoast SEO Premium plugin v27.1 (Yoast SEO v27.1.1) - https:\/\/yoast.com\/product\/yoast-seo-premium-wordpress\/ -->\n<title>Les amis du Festival<\/title>\n<meta name=\"description\" content=\"L\u2019Association des Amis du Festival Musique &amp; Neige Les Diablerets a \u00e9t\u00e9 cr\u00e9\u00e9e en 1988. Elle a pour vocation a pour but d\u2019encourager et de soutenir l\u2019organisation du Festival Musique &amp; Neige Les Diablerets \u2013 Vers -L\u2019Eglise\" \/>\n<meta name=\"robots\" content=\"index, follow, max-snippet:-1, max-image-preview:large, max-video-preview:-1, noarchive\" \/>\n<link rel=\"canonical\" href=\"https:\/\/www.musique-et-neige.ch\/en\/les-amis\/\" \/>\n<meta property=\"og:locale\" content=\"en_US\" \/>\n<meta property=\"og:type\" content=\"article\" \/>\n<meta property=\"og:title\" content=\"Les Amis du Festival Musique &amp; Neige Les Diablerets\" \/>\n<meta property=\"og:description\" content=\"L\u2019Association des Amis du Festival Musique &amp; Neige Les Diablerets a \u00e9t\u00e9 cr\u00e9\u00e9e en 1988. Elle a pour vocation a pour but d\u2019encourager et de soutenir l\u2019organisation du Festival Musique &amp; Neige Les Diablerets \u2013 Vers -L\u2019Eglise\" \/>\n<meta property=\"og:url\" content=\"https:\/\/www.musique-et-neige.ch\/en\/wp-json\/wp\/v2\/pages\/1250\" \/>\n<meta property=\"og:site_name\" content=\"Festival Musique &amp; Neige\" \/>\n<meta property=\"article:publisher\" content=\"https:\/\/www.facebook.com\/FestivalMusiqueNeige\" \/>\n<meta property=\"article:modified_time\" content=\"2022-01-25T13:56:47+00:00\" \/>\n<meta property=\"og:image\" content=\"https:\/\/www.musique-et-neige.ch\/wp-content\/uploads\/homepage-facebook2.jpg\" \/>\n\t<meta property=\"og:image:width\" content=\"1080\" \/>\n\t<meta property=\"og:image:height\" content=\"1080\" \/>\n\t<meta property=\"og:image:type\" content=\"image\/jpeg\" \/>\n<meta name=\"twitter:card\" content=\"summary_large_image\" \/>\n<meta name=\"twitter:title\" content=\"Les Amis du Festival Musique &amp; Neige Les Diablerets\" \/>\n<meta name=\"twitter:description\" content=\"L\u2019Association des Amis du Festival Musique &amp; Neige Les Diablerets a \u00e9t\u00e9 cr\u00e9\u00e9e en 1988. Elle a pour vocation a pour but d\u2019encourager et de soutenir l\u2019organisation du Festival Musique &amp; Neige Les Diablerets \u2013 Vers -L\u2019Eglise\" \/>\n<meta name=\"twitter:image\" content=\"https:\/\/www.musique-et-neige.ch\/wp-content\/uploads\/homepage-twitter.jpg\" \/>\n<meta name=\"twitter:label1\" content=\"Est. reading time\" \/>\n\t<meta name=\"twitter:data1\" content=\"1 minute\" \/>\n<script type=\"application\/ld+json\" class=\"yoast-schema-graph\">{\"@context\":\"https:\/\/schema.org\",\"@graph\":[{\"@type\":\"Article\",\"@id\":\"https:\/\/www.musique-et-neige.ch\/les-amis\/#article\",\"isPartOf\":{\"@id\":\"https:\/\/www.musique-et-neige.ch\/les-amis\/\"},\"author\":{\"name\":\"admin\",\"@id\":\"https:\/\/www.musique-et-neige.ch\/#\/schema\/person\/db2eb97a2dbeee26becb54659778a71d\"},\"headline\":\"Les Amis du Festival Musique &#038; Neige\",\"datePublished\":\"2021-11-01T21:55:42+00:00\",\"dateModified\":\"2022-01-25T13:56:47+00:00\",\"mainEntityOfPage\":{\"@id\":\"https:\/\/www.musique-et-neige.ch\/les-amis\/\"},\"wordCount\":421,\"publisher\":{\"@id\":\"https:\/\/www.musique-et-neige.ch\/#organization\"},\"inLanguage\":\"en-US\"},{\"@type\":\"WebPage\",\"@id\":\"https:\/\/www.musique-et-neige.ch\/les-amis\/\",\"url\":\"https:\/\/www.musique-et-neige.ch\/les-amis\/\",\"name\":\"Les amis du Festival\",\"isPartOf\":{\"@id\":\"https:\/\/www.musique-et-neige.ch\/#website\"},\"datePublished\":\"2021-11-01T21:55:42+00:00\",\"dateModified\":\"2022-01-25T13:56:47+00:00\",\"description\":\"L\u2019Association des Amis du Festival Musique & Neige Les Diablerets a \u00e9t\u00e9 cr\u00e9\u00e9e en 1988. Elle a pour vocation a pour but d\u2019encourager et de soutenir l\u2019organisation du Festival Musique & Neige Les Diablerets \u2013 Vers -L\u2019Eglise\",\"breadcrumb\":{\"@id\":\"https:\/\/www.musique-et-neige.ch\/les-amis\/#breadcrumb\"},\"inLanguage\":\"en-US\",\"potentialAction\":[{\"@type\":\"ReadAction\",\"target\":[\"https:\/\/www.musique-et-neige.ch\/les-amis\/\"]}]},{\"@type\":\"BreadcrumbList\",\"@id\":\"https:\/\/www.musique-et-neige.ch\/les-amis\/#breadcrumb\",\"itemListElement\":[{\"@type\":\"ListItem\",\"position\":1,\"name\":\"Home\",\"item\":\"https:\/\/www.musique-et-neige.ch\/\"},{\"@type\":\"ListItem\",\"position\":2,\"name\":\"Les amis du Festival Musique & Neige Les Diablerets\"}]},{\"@type\":\"WebSite\",\"@id\":\"https:\/\/www.musique-et-neige.ch\/#website\",\"url\":\"https:\/\/www.musique-et-neige.ch\/\",\"name\":\"Festival Musique & Neige\",\"description\":\"Quand la musique de chambre enchante la montagne\",\"publisher\":{\"@id\":\"https:\/\/www.musique-et-neige.ch\/#organization\"},\"alternateName\":\"Musique & Neige\",\"potentialAction\":[{\"@type\":\"SearchAction\",\"target\":{\"@type\":\"EntryPoint\",\"urlTemplate\":\"https:\/\/www.musique-et-neige.ch\/?s={search_term_string}\"},\"query-input\":{\"@type\":\"PropertyValueSpecification\",\"valueRequired\":true,\"valueName\":\"search_term_string\"}}],\"inLanguage\":\"en-US\"},{\"@type\":\"Organization\",\"@id\":\"https:\/\/www.musique-et-neige.ch\/#organization\",\"name\":\"Festival Musique & Neige Les Diablerets\",\"alternateName\":\"Musique & Neige\",\"url\":\"https:\/\/www.musique-et-neige.ch\/\",\"logo\":{\"@type\":\"ImageObject\",\"inLanguage\":\"en-US\",\"@id\":\"https:\/\/www.musique-et-neige.ch\/#\/schema\/logo\/image\/\",\"url\":\"https:\/\/www.musique-et-neige.ch\/wp-content\/uploads\/Musique-et-neige-logo.jpg\",\"contentUrl\":\"https:\/\/www.musique-et-neige.ch\/wp-content\/uploads\/Musique-et-neige-logo.jpg\",\"width\":254,\"height\":159,\"caption\":\"Festival Musique & Neige Les Diablerets\"},\"image\":{\"@id\":\"https:\/\/www.musique-et-neige.ch\/#\/schema\/logo\/image\/\"},\"sameAs\":[\"https:\/\/www.facebook.com\/FestivalMusiqueNeige\",\"https:\/\/www.instagram.com\/festival_musique_et_neige\/\"]},{\"@type\":\"Person\",\"@id\":\"https:\/\/www.musique-et-neige.ch\/#\/schema\/person\/db2eb97a2dbeee26becb54659778a71d\",\"name\":\"admin\"}]}<\/script>\n<!-- \/ Yoast SEO Premium plugin. -->","yoast_head_json":{"title":"Friends of the Festival","description":"The Association des Amis du Festival Musique &amp; Neige Les Diablerets was founded in 1988. Its purpose is to encourage and support the organization of the Festival Musique &amp; Neige Les Diablerets - Vers -L'Eglise.","robots":{"index":"index","follow":"follow","max-snippet":"max-snippet:-1","max-image-preview":"max-image-preview:large","max-video-preview":"max-video-preview:-1","archive":"noarchive"},"canonical":"https:\/\/www.musique-et-neige.ch\/en\/les-amis\/","og_locale":"en_US","og_type":"article","og_title":"Les Amis du Festival Musique & Neige Les Diablerets","og_description":"L\u2019Association des Amis du Festival Musique & Neige Les Diablerets a \u00e9t\u00e9 cr\u00e9\u00e9e en 1988. Elle a pour vocation a pour but d\u2019encourager et de soutenir l\u2019organisation du Festival Musique & Neige Les Diablerets \u2013 Vers -L\u2019Eglise","og_url":"https:\/\/www.musique-et-neige.ch\/en\/wp-json\/wp\/v2\/pages\/1250","og_site_name":"Festival Musique &amp; Neige","article_publisher":"https:\/\/www.facebook.com\/FestivalMusiqueNeige","article_modified_time":"2022-01-25T13:56:47+00:00","og_image":[{"width":1080,"height":1080,"url":"https:\/\/www.musique-et-neige.ch\/wp-content\/uploads\/homepage-facebook2.jpg","type":"image\/jpeg"}],"twitter_card":"summary_large_image","twitter_title":"Les Amis du Festival Musique & Neige Les Diablerets","twitter_description":"L\u2019Association des Amis du Festival Musique & Neige Les Diablerets a \u00e9t\u00e9 cr\u00e9\u00e9e en 1988. Elle a pour vocation a pour but d\u2019encourager et de soutenir l\u2019organisation du Festival Musique & Neige Les Diablerets \u2013 Vers -L\u2019Eglise","twitter_image":"https:\/\/www.musique-et-neige.ch\/wp-content\/uploads\/homepage-twitter.jpg","twitter_misc":{"Est. reading time":"1 minute"},"schema":{"@context":"https:\/\/schema.org","@graph":[{"@type":"Article","@id":"https:\/\/www.musique-et-neige.ch\/les-amis\/#article","isPartOf":{"@id":"https:\/\/www.musique-et-neige.ch\/les-amis\/"},"author":{"name":"admin","@id":"https:\/\/www.musique-et-neige.ch\/#\/schema\/person\/db2eb97a2dbeee26becb54659778a71d"},"headline":"Les Amis du Festival Musique &#038; Neige","datePublished":"2021-11-01T21:55:42+00:00","dateModified":"2022-01-25T13:56:47+00:00","mainEntityOfPage":{"@id":"https:\/\/www.musique-et-neige.ch\/les-amis\/"},"wordCount":421,"publisher":{"@id":"https:\/\/www.musique-et-neige.ch\/#organization"},"inLanguage":"en-US"},{"@type":"WebPage","@id":"https:\/\/www.musique-et-neige.ch\/les-amis\/","url":"https:\/\/www.musique-et-neige.ch\/les-amis\/","name":"Friends of the Festival","isPartOf":{"@id":"https:\/\/www.musique-et-neige.ch\/#website"},"datePublished":"2021-11-01T21:55:42+00:00","dateModified":"2022-01-25T13:56:47+00:00","description":"The Association des Amis du Festival Musique &amp; Neige Les Diablerets was founded in 1988. Its purpose is to encourage and support the organization of the Festival Musique &amp; Neige Les Diablerets - Vers -L'Eglise.","breadcrumb":{"@id":"https:\/\/www.musique-et-neige.ch\/les-amis\/#breadcrumb"},"inLanguage":"en-US","potentialAction":[{"@type":"ReadAction","target":["https:\/\/www.musique-et-neige.ch\/les-amis\/"]}]},{"@type":"BreadcrumbList","@id":"https:\/\/www.musique-et-neige.ch\/les-amis\/#breadcrumb","itemListElement":[{"@type":"ListItem","position":1,"name":"Home","item":"https:\/\/www.musique-et-neige.ch\/"},{"@type":"ListItem","position":2,"name":"Les amis du Festival Musique & Neige Les Diablerets"}]},{"@type":"WebSite","@id":"https:\/\/www.musique-et-neige.ch\/#website","url":"https:\/\/www.musique-et-neige.ch\/","name":"Music &amp; Snow Festival","description":"When chamber music enchants the mountains","publisher":{"@id":"https:\/\/www.musique-et-neige.ch\/#organization"},"alternateName":"Musique & Neige","potentialAction":[{"@type":"SearchAction","target":{"@type":"EntryPoint","urlTemplate":"https:\/\/www.musique-et-neige.ch\/?s={search_term_string}"},"query-input":{"@type":"PropertyValueSpecification","valueRequired":true,"valueName":"search_term_string"}}],"inLanguage":"en-US"},{"@type":"Organization","@id":"https:\/\/www.musique-et-neige.ch\/#organization","name":"Festival Musique &amp; Neige Les Diablerets","alternateName":"Musique & Neige","url":"https:\/\/www.musique-et-neige.ch\/","logo":{"@type":"ImageObject","inLanguage":"en-US","@id":"https:\/\/www.musique-et-neige.ch\/#\/schema\/logo\/image\/","url":"https:\/\/www.musique-et-neige.ch\/wp-content\/uploads\/Musique-et-neige-logo.jpg","contentUrl":"https:\/\/www.musique-et-neige.ch\/wp-content\/uploads\/Musique-et-neige-logo.jpg","width":254,"height":159,"caption":"Festival Musique & Neige Les Diablerets"},"image":{"@id":"https:\/\/www.musique-et-neige.ch\/#\/schema\/logo\/image\/"},"sameAs":["https:\/\/www.facebook.com\/FestivalMusiqueNeige","https:\/\/www.instagram.com\/festival_musique_et_neige\/"]},{"@type":"Person","@id":"https:\/\/www.musique-et-neige.ch\/#\/schema\/person\/db2eb97a2dbeee26becb54659778a71d","name":"admin"}]}},"_links":{"self":[{"href":"https:\/\/www.musique-et-neige.ch\/en\/wp-json\/wp\/v2\/pages\/1250","targetHints":{"allow":["GET"]}}],"collection":[{"href":"https:\/\/www.musique-et-neige.ch\/en\/wp-json\/wp\/v2\/pages"}],"about":[{"href":"https:\/\/www.musique-et-neige.ch\/en\/wp-json\/wp\/v2\/types\/page"}],"author":[{"embeddable":true,"href":"https:\/\/www.musique-et-neige.ch\/en\/wp-json\/wp\/v2\/users\/1"}],"replies":[{"embeddable":true,"href":"https:\/\/www.musique-et-neige.ch\/en\/wp-json\/wp\/v2\/comments?post=1250"}],"version-history":[{"count":20,"href":"https:\/\/www.musique-et-neige.ch\/en\/wp-json\/wp\/v2\/pages\/1250\/revisions"}],"predecessor-version":[{"id":216136,"href":"https:\/\/www.musique-et-neige.ch\/en\/wp-json\/wp\/v2\/pages\/1250\/revisions\/216136"}],"wp:attachment":[{"href":"https:\/\/www.musique-et-neige.ch\/en\/wp-json\/wp\/v2\/media?parent=1250"}],"curies":[{"name":"wp","href":"https:\/\/api.w.org\/{rel}","templated":true}]}}