{"id":1183,"date":"2021-11-01T15:42:34","date_gmt":"2021-11-01T14:42:34","guid":{"rendered":"https:\/\/diableries.space\/musique-et-neige\/?page_id=1183"},"modified":"2025-10-22T21:30:14","modified_gmt":"2025-10-22T19:30:14","slug":"le-festival","status":"publish","type":"page","link":"https:\/\/www.musique-et-neige.ch\/en\/le-festival\/","title":{"rendered":"The Festival"},"content":{"rendered":"<p>[et_pb_section fb_built=\u00a0\u00bb1&Prime; fullwidth=\u00a0\u00bbon\u00a0\u00bb _builder_version=\u00a0\u00bb4.16&Prime; _module_preset=\u00a0\u00bbdefault\u00a0\u00bb background_color=\u00a0\u00bb#31A9DE\u00a0\u00bb background_color_gradient_direction=\u00a0\u00bb360deg\u00a0\u00bb background_enable_image=\u00a0\u00bboff\u00a0\u00bb min_height=\u00a0\u00bb300px\u00a0\u00bb bottom_divider_style=\u00a0\u00bbwave2&Prime; bottom_divider_color=\u00a0\u00bb#FFFFFF\u00a0\u00bb global_colors_info=\u00a0\u00bb{}\u00a0\u00bb][et_pb_fullwidth_post_title meta=\u00a0\u00bboff\u00a0\u00bb featured_image=\u00a0\u00bboff\u00a0\u00bb _builder_version=\u00a0\u00bb4.16&Prime; _module_preset=\u00a0\u00bbdefault\u00a0\u00bb title_font=\u00a0\u00bb|600||on|||||\u00a0\u00bb title_text_align=\u00a0\u00bbcenter\u00a0\u00bb title_text_color=\u00a0\u00bb#FFFFFF\u00a0\u00bb title_font_size=\u00a0\u00bb36px\u00a0\u00bb positioning=\u00a0\u00bbrelative\u00a0\u00bb custom_padding=\u00a0\u00bb100px|||||\u00a0\u00bb global_colors_info=\u00a0\u00bb{}\u00a0\u00bb][\/et_pb_fullwidth_post_title][\/et_pb_section][et_pb_section fb_built=\u00a0\u00bb1&Prime; _builder_version=\u00a0\u00bb4.16&Prime; _module_preset=\u00a0\u00bbdefault\u00a0\u00bb positioning=\u00a0\u00bbnone\u00a0\u00bb global_colors_info=\u00a0\u00bb{}\u00a0\u00bb][et_pb_row use_custom_gutter=\u00a0\u00bbon\u00a0\u00bb gutter_width=\u00a0\u00bb2&Prime; make_equal=\u00a0\u00bbon\u00a0\u00bb _builder_version=\u00a0\u00bb4.16&Prime; _module_preset=\u00a0\u00bbdefault\u00a0\u00bb background_enable_color=\u00a0\u00bboff\u00a0\u00bb custom_margin=\u00a0\u00bb0px||||false|false\u00a0\u00bb custom_padding=\u00a0\u00bb0px||||false|false\u00a0\u00bb global_colors_info=\u00a0\u00bb{}\u00a0\u00bb][et_pb_column type=\u00a0\u00bb4_4&Prime; _builder_version=\u00a0\u00bb4.16&Prime; _module_preset=\u00a0\u00bbdefault\u00a0\u00bb global_colors_info=\u00a0\u00bb{}\u00a0\u00bb][et_pb_text _builder_version=\u00a0\u00bb4.19.3&Prime; _module_preset=\u00a0\u00bbdefault\u00a0\u00bb global_colors_info=\u00a0\u00bb{}\u00a0\u00bb]<\/p>\n<h2 style=\"text-align: center;\">\u00a0\u00c0 PROPOS<\/h2>\n<p>Depuis 1970, le Festival Musique &amp; Neige propose des concerts de musique de chambre aux Diablerets durant la saison d\u2019hiver. A l\u2019origine de cet \u00e9v\u00e9nement, Sir Peter Ustinov, acteur anglais \u00e9galement r\u00e9alisateur et \u00e9crivain, qui \u00e9tait alors r\u00e9sident aux Diablerets.<\/p>\n<p>Chaque saison musicale d\u00e9marre le premier jour de l\u2019an avec un concert donn\u00e9 \u00e0 la Maison des Congr\u00e8s aux Diablerets. Les sept autres concerts ont lieu au Temple de Vers-l\u2019Eglise. Ce magnifique hameau pr\u00e9serv\u00e9, chef-lieu de la commune d\u2019Ormont-Dessus, se situe \u00e0 quelques minutes seulement des Diablerets. R\u00e9citals, sonates, trios, quatuors d\u2019\u0153uvres contemporaines et classiques sont pr\u00e9sent\u00e9s. La qualit\u00e9 de la programmation assure la renomm\u00e9e du festival depuis plus d\u2019un demi-si\u00e8cle.<\/p>\n<p>Le credo du Comit\u00e9 du Festival est d\u2019offrir aux m\u00e9lomanes de la r\u00e9gion et d\u2019ailleurs des concerts de grande qualit\u00e9 \u00e0 prix accessibles, ceci dans une ambiance o\u00f9 r\u00e8gnent simplicit\u00e9, accueil chaleureux et amiti\u00e9.<\/p>\n<p>Sensibiliser les jeunes \u00e0 la musique nous tient \u00e0 c\u0153ur ! Le Festival propose un apr\u00e8s-midi \u00e0 la d\u00e9couverte de la musique, sous la houlette de musiciens qui donneront le concert du soir. Les petits Ormonans et h\u00f4tes de passage dans la vall\u00e9e ont ainsi l\u2019occasion de rencontrer les artistes et de voir les instruments de pr\u00e8s.<\/p>\n<p>[\/et_pb_text][\/et_pb_column][\/et_pb_row][\/et_pb_section][et_pb_section fb_built=\u00a0\u00bb1&Prime; fullwidth=\u00a0\u00bbon\u00a0\u00bb _builder_version=\u00a0\u00bb4.16&Prime; _module_preset=\u00a0\u00bbdefault\u00a0\u00bb background_image=\u00a0\u00bbhttps:\/\/www.musique-et-neige.ch\/wp-content\/uploads\/YOA_4625.jpg\u00a0\u00bb height=\u00a0\u00bb800px\u00a0\u00bb top_divider_style=\u00a0\u00bbwave\u00a0\u00bb top_divider_color=\u00a0\u00bb#FFFFFF\u00a0\u00bb bottom_divider_style=\u00a0\u00bbwave\u00a0\u00bb bottom_divider_color=\u00a0\u00bb#FFFFFF\u00a0\u00bb global_colors_info=\u00a0\u00bb{}\u00a0\u00bb][\/et_pb_section][et_pb_section fb_built=\u00a0\u00bb1&Prime; _builder_version=\u00a0\u00bb4.16&Prime; _module_preset=\u00a0\u00bbdefault\u00a0\u00bb background_enable_color=\u00a0\u00bboff\u00a0\u00bb vertical_offset_tablet=\u00a0\u00bb56px\u00a0\u00bb vertical_offset_phone=\u00a0\u00bb56px\u00a0\u00bb vertical_offset_last_edited=\u00a0\u00bbon|tablet\u00a0\u00bb custom_margin=\u00a0\u00bb||||false|false\u00a0\u00bb custom_padding=\u00a0\u00bb||1px||false|false\u00a0\u00bb bottom_divider_color=\u00a0\u00bb#FFFFFF\u00a0\u00bb global_colors_info=\u00a0\u00bb{}\u00a0\u00bb][et_pb_row _builder_version=\u00a0\u00bb4.16&Prime; _module_preset=\u00a0\u00bbdefault\u00a0\u00bb global_colors_info=\u00a0\u00bb{}\u00a0\u00bb][et_pb_column type=\u00a0\u00bb4_4&Prime; _builder_version=\u00a0\u00bb4.16&Prime; _module_preset=\u00a0\u00bbdefault\u00a0\u00bb global_colors_info=\u00a0\u00bb{}\u00a0\u00bb][et_pb_text _builder_version=\u00a0\u00bb4.16&Prime; _module_preset=\u00a0\u00bbdefault\u00a0\u00bb header_text_color=\u00a0\u00bb#4D555F\u00a0\u00bb header_2_text_color=\u00a0\u00bb#4D555F\u00a0\u00bb custom_margin=\u00a0\u00bb5%||5%||false|false\u00a0\u00bb custom_padding=\u00a0\u00bb||||false|false\u00a0\u00bb global_colors_info=\u00a0\u00bb{}\u00a0\u00bb]<\/p>\n<h2 style=\"text-align: center;\">Un comit\u00e9 b\u00e9n\u00e9vole<\/h2>\n<p>Sans b\u00e9n\u00e9voles, pas de festival\u00a0! Les membres du Comit\u00e9 du Festival et les nombreux b\u00e9n\u00e9voles actifs chaque soir de concert s\u2019engagent sans compter sur une base 100% volontaire.\u00a0Une \u00e9quipe soud\u00e9e qui s\u2019ing\u00e9nie \u00e0 vous faire passer de beaux et bons moments \u00e0 l\u2019\u00e9coute d\u2019ensembles r\u00e9put\u00e9s dans un cadre enchanteur.\u00a0<\/p>\n<p>[\/et_pb_text][et_pb_gallery gallery_ids=\u00a0\u00bb217556&Prime; fullwidth=\u00a0\u00bbon\u00a0\u00bb _builder_version=\u00a0\u00bb4.27.2&Prime; _module_preset=\u00a0\u00bbdefault\u00a0\u00bb dbdb_version=\u00a0\u00bb4.10&Prime; global_colors_info=\u00a0\u00bb{}\u00a0\u00bb][\/et_pb_gallery][et_pb_text _builder_version=\u00a0\u00bb4.27.4&Prime; _module_preset=\u00a0\u00bbdefault\u00a0\u00bb text_font=\u00a0\u00bbMontserrat||on||||||\u00a0\u00bb text_font_size=\u00a0\u00bb12px\u00a0\u00bb custom_margin=\u00a0\u00bb0px||||false|false\u00a0\u00bb custom_padding=\u00a0\u00bb0px||||false|false\u00a0\u00bb hover_enabled=\u00a0\u00bb0&Prime; global_colors_info=\u00a0\u00bb{}\u00a0\u00bb sticky_enabled=\u00a0\u00bb0&Prime;]<\/p>\n<p>Les membres du comit\u00e9 (manque Camille Hue)<\/p>\n<p>[\/et_pb_text][et_pb_text _builder_version=\u00a0\u00bb4.27.0&Prime; _module_preset=\u00a0\u00bbdefault\u00a0\u00bb custom_margin=\u00a0\u00bb||||false|false\u00a0\u00bb global_colors_info=\u00a0\u00bb{}\u00a0\u00bb]<\/p>\n<p>Philippe Treyvaud<br \/><em>Pr\u00e9sident\u00a0<\/em><\/p>\n<p>Jean-Philippe Schneiter<br \/><em>Vice-pr\u00e9sident<\/em><em><\/em><\/p>\n<p>Gilles Champoud<br \/><em>Directeur artistique<\/em><\/p>\n<p>Aur\u00e9lie Vivet, Brigitte Borloz, Camille Hue, Claire Kurzen, S\u00e9verine Mermod, Sylviane Huck, Val\u00e9rie Schneiter, Ya\u00ebl Bruigom, Yoann Huck<br \/><em>Membres<\/em><\/p>\n<p>Le Festival c&rsquo;est aussi <strong>d&rsquo;aimables et d\u00e9vou\u00e9es aides ponctuelles<\/strong> :<\/p>\n<div>Berta Concalves, C\u00e9cile Pittex, Claude et Thierry Bretton\u2009-\u2009Chevallier, Corinne Pernet, Fran\u00e7oise et Michel Wicht, G\u00e9rard Huck, Mich\u00e8le et Manuel Peitsch, Murielle Mettler, Nicole et Fr\u00e9d\u00e9ric Keller,\u00a0 Philippe Dussoix, Philippe Hebeisen, Sabine Perret, V\u00e9ronique Chamorel.<\/div>\n<div><\/div>\n<div><\/div>\n<div><\/div>\n<div><\/div>\n<p>&nbsp;<\/p>\n<p>Il n\u2019est pas interdit de nous rejoindre !<\/p>\n<p>&nbsp;<\/p>\n<p>[\/et_pb_text][dsm_masonry_gallery gallery_ids=\u00a0\u00bb216180,216174,216179,216178,216175,216177,216176,217563,217562,217561,217560,217559,217558&Prime; dsm_sort_images_order=\u00a0\u00bbdate\u00a0\u00bb dsm_order_sort=\u00a0\u00bbdesc\u00a0\u00bb use_lightbox=\u00a0\u00bbon\u00a0\u00bb use_horizontal_order=\u00a0\u00bboff\u00a0\u00bb use_zoom_on_hover=\u00a0\u00bbon\u00a0\u00bb _builder_version=\u00a0\u00bb4.27.2&Prime; _module_preset=\u00a0\u00bbdefault\u00a0\u00bb global_colors_info=\u00a0\u00bb{}\u00a0\u00bb][\/dsm_masonry_gallery][\/et_pb_column][\/et_pb_row][\/et_pb_section][et_pb_section fb_built=\u00a0\u00bb1&Prime; prev_background_color=\u00a0\u00bb#ffffff\u00a0\u00bb module_id=\u00a0\u00bbinscription-benevole\u00a0\u00bb _builder_version=\u00a0\u00bb4.16&Prime; _module_preset=\u00a0\u00bbdefault\u00a0\u00bb background_color=\u00a0\u00bb#31A9DE\u00a0\u00bb top_divider_style=\u00a0\u00bbwave\u00a0\u00bb bottom_divider_style=\u00a0\u00bbwave\u00a0\u00bb bottom_divider_color=\u00a0\u00bb#4D555F\u00a0\u00bb global_colors_info=\u00a0\u00bb{}\u00a0\u00bb][et_pb_row _builder_version=\u00a0\u00bb4.16&Prime; _module_preset=\u00a0\u00bbdefault\u00a0\u00bb custom_margin=\u00a0\u00bb|auto|75px|auto||\u00a0\u00bb custom_padding=\u00a0\u00bb100px|||||\u00a0\u00bb global_colors_info=\u00a0\u00bb{}\u00a0\u00bb][et_pb_column type=\u00a0\u00bb4_4&Prime; _builder_version=\u00a0\u00bb4.16&Prime; _module_preset=\u00a0\u00bbdefault\u00a0\u00bb global_colors_info=\u00a0\u00bb{}\u00a0\u00bb][et_pb_text _builder_version=\u00a0\u00bb4.16&Prime; _module_preset=\u00a0\u00bbdefault\u00a0\u00bb text_text_color=\u00a0\u00bb#FFFFFF\u00a0\u00bb header_text_color=\u00a0\u00bb#FFFFFF\u00a0\u00bb header_2_text_color=\u00a0\u00bb#FFFFFF\u00a0\u00bb global_colors_info=\u00a0\u00bb{}\u00a0\u00bb]<\/p>\n<h2 style=\"text-align: center;\">Devenir b\u00e9n\u00e9vole<\/h2>\n<p>[\/et_pb_text][dsm_contact_form_7 cf7_library=\u00a0\u00bb215756&Prime; show_validation=\u00a0\u00bbon\u00a0\u00bb input_background_color=\u00a0\u00bb#FFFFFF\u00a0\u00bb error_msg_background_color=\u00a0\u00bb#FFFFFF\u00a0\u00bb validation_error_background_color=\u00a0\u00bb#FFFFFF\u00a0\u00bb validation_success_background_color=\u00a0\u00bb#FFFFFF\u00a0\u00bb _builder_version=\u00a0\u00bb4.16&Prime; _module_preset=\u00a0\u00bbdefault\u00a0\u00bb labels_text_color=\u00a0\u00bb#FFFFFF\u00a0\u00bb input_textarea_select_text_color=\u00a0\u00bb#4D555F\u00a0\u00bb placeholder_text_color=\u00a0\u00bb#4D555F\u00a0\u00bb radio_checkbox_text_color=\u00a0\u00bb#FFFFFF\u00a0\u00bb error_msg_text_color=\u00a0\u00bb#ff0000&Prime; error_validation_text_color=\u00a0\u00bb#4D555F\u00a0\u00bb success_validation_text_color=\u00a0\u00bb#4D555F\u00a0\u00bb custom_button_one=\u00a0\u00bbon\u00a0\u00bb button_one_text_color=\u00a0\u00bb#31A9DE\u00a0\u00bb button_one_bg_color=\u00a0\u00bb#FFFFFF\u00a0\u00bb button_one_font=\u00a0\u00bb|||on|||||\u00a0\u00bb custom_margin=\u00a0\u00bb||8px|||\u00a0\u00bb global_colors_info=\u00a0\u00bb{}\u00a0\u00bb][\/dsm_contact_form_7][\/et_pb_column][\/et_pb_row][\/et_pb_section]<\/p>\n","protected":false},"excerpt":{"rendered":"<p>\u00a0\u00c0 PROPOS Depuis 1970, le Festival Musique &amp; Neige propose des concerts de musique de chambre aux Diablerets durant la saison d\u2019hiver. A l\u2019origine de cet \u00e9v\u00e9nement, Sir Peter Ustinov, acteur anglais \u00e9galement r\u00e9alisateur et \u00e9crivain, qui \u00e9tait alors r\u00e9sident aux Diablerets. Chaque saison musicale d\u00e9marre le premier jour de l\u2019an avec un concert donn\u00e9 \u00e0 la Maison des Congr\u00e8s aux Diablerets. Les sept autres concerts ont lieu au Temple de Vers-l\u2019Eglise. Ce magnifique hameau pr\u00e9serv\u00e9, chef-lieu de la commune d\u2019Ormont-Dessus, se situe \u00e0 quelques minutes seulement des Diablerets. R\u00e9citals, sonates, trios, quatuors d\u2019\u0153uvres contemporaines et classiques sont pr\u00e9sent\u00e9s. La qualit\u00e9 de la programmation assure la renomm\u00e9e du festival depuis plus d\u2019un demi-si\u00e8cle. Le credo du Comit\u00e9 du Festival est d\u2019offrir aux m\u00e9lomanes de la r\u00e9gion et d\u2019ailleurs des concerts de grande qualit\u00e9 \u00e0 prix accessibles, ceci dans une ambiance o\u00f9 r\u00e8gnent simplicit\u00e9, accueil chaleureux et amiti\u00e9. Sensibiliser les jeunes \u00e0 la musique nous tient \u00e0 c\u0153ur ! Le Festival propose un apr\u00e8s-midi \u00e0 la d\u00e9couverte de la musique, sous la houlette de musiciens qui donneront le concert du soir. Les petits Ormonans et h\u00f4tes de passage dans la vall\u00e9e ont ainsi l\u2019occasion de rencontrer les artistes et de voir [&hellip;]<\/p>\n","protected":false},"author":1,"featured_media":0,"parent":0,"menu_order":0,"comment_status":"closed","ping_status":"open","template":"","meta":{"_acf_changed":false,"_et_pb_use_builder":"on","_et_pb_old_content":"","_et_gb_content_width":"","footnotes":""},"class_list":["post-1183","page","type-page","status-publish","hentry"],"acf":[],"yoast_head":"<!-- This site is optimized with the Yoast SEO Premium plugin v27.1 (Yoast SEO v27.1.1) - https:\/\/yoast.com\/product\/yoast-seo-premium-wordpress\/ -->\n<title>Le Festival<\/title>\n<meta name=\"description\" content=\"Depuis plus d\u2019un demi-si\u00e8cle, le succ\u00e8s est au rendez-vous du Festival Musique &amp; Neige Les Diablerets !\" \/>\n<meta name=\"robots\" content=\"index, follow, max-snippet:-1, max-image-preview:large, max-video-preview:-1, noarchive\" \/>\n<link rel=\"canonical\" href=\"https:\/\/www.musique-et-neige.ch\/en\/le-festival\/\" \/>\n<meta property=\"og:locale\" content=\"en_US\" \/>\n<meta property=\"og:type\" content=\"article\" \/>\n<meta property=\"og:title\" content=\"Le Festival Musique &amp; Neige Les Diablerets\" \/>\n<meta property=\"og:description\" content=\"Depuis plus d\u2019un demi-si\u00e8cle, le succ\u00e8s est au rendez-vous du Festival Musique &amp; Neige Les Diablerets ! Le fil conducteur des directeurs artistiques successifs est de proposer aux m\u00e9lomanes des artistes de premier ordre \u00e0 des prix extr\u00eamement populaires. Le Festival esp\u00e8re apporter aux auditeurs \u00e9motions, qualit\u00e9, convivialit\u00e9 et accueil chaleureux.\" \/>\n<meta property=\"og:url\" content=\"https:\/\/www.musique-et-neige.ch\/en\/wp-json\/wp\/v2\/pages\/1183\" \/>\n<meta property=\"og:site_name\" content=\"Festival Musique &amp; Neige\" \/>\n<meta property=\"article:publisher\" content=\"https:\/\/www.facebook.com\/FestivalMusiqueNeige\" \/>\n<meta property=\"article:modified_time\" content=\"2025-10-22T19:30:14+00:00\" \/>\n<meta property=\"og:image\" content=\"https:\/\/www.musique-et-neige.ch\/wp-content\/uploads\/homepage-facebook2.jpg\" \/>\n\t<meta property=\"og:image:width\" content=\"1080\" \/>\n\t<meta property=\"og:image:height\" content=\"1080\" \/>\n\t<meta property=\"og:image:type\" content=\"image\/jpeg\" \/>\n<meta name=\"twitter:card\" content=\"summary_large_image\" \/>\n<meta name=\"twitter:title\" content=\"Le Festival Musique &amp; Neige Les Diablerets\" \/>\n<meta name=\"twitter:description\" content=\"Depuis plus d\u2019un demi-si\u00e8cle, le succ\u00e8s est au rendez-vous du Festival Musique &amp; Neige Les Diablerets ! Le fil conducteur des directeurs artistiques successifs est de proposer aux m\u00e9lomanes des artistes de premier ordre \u00e0 des prix extr\u00eamement populaires. Le Festival esp\u00e8re apporter aux auditeurs \u00e9motions, qualit\u00e9, convivialit\u00e9 et accueil chaleureux.\" \/>\n<meta name=\"twitter:image\" content=\"https:\/\/www.musique-et-neige.ch\/wp-content\/uploads\/homepage-twitter.jpg\" \/>\n<meta name=\"twitter:label1\" content=\"Est. reading time\" \/>\n\t<meta name=\"twitter:data1\" content=\"3 minutes\" \/>\n<script type=\"application\/ld+json\" class=\"yoast-schema-graph\">{\"@context\":\"https:\/\/schema.org\",\"@graph\":[{\"@type\":\"Article\",\"@id\":\"https:\/\/www.musique-et-neige.ch\/le-festival\/#article\",\"isPartOf\":{\"@id\":\"https:\/\/www.musique-et-neige.ch\/le-festival\/\"},\"author\":{\"name\":\"admin\",\"@id\":\"https:\/\/www.musique-et-neige.ch\/#\/schema\/person\/db2eb97a2dbeee26becb54659778a71d\"},\"headline\":\"Le Festival\",\"datePublished\":\"2021-11-01T14:42:34+00:00\",\"dateModified\":\"2025-10-22T19:30:14+00:00\",\"mainEntityOfPage\":{\"@id\":\"https:\/\/www.musique-et-neige.ch\/le-festival\/\"},\"wordCount\":1038,\"publisher\":{\"@id\":\"https:\/\/www.musique-et-neige.ch\/#organization\"},\"inLanguage\":\"en-US\"},{\"@type\":\"WebPage\",\"@id\":\"https:\/\/www.musique-et-neige.ch\/le-festival\/\",\"url\":\"https:\/\/www.musique-et-neige.ch\/le-festival\/\",\"name\":\"Le Festival\",\"isPartOf\":{\"@id\":\"https:\/\/www.musique-et-neige.ch\/#website\"},\"datePublished\":\"2021-11-01T14:42:34+00:00\",\"dateModified\":\"2025-10-22T19:30:14+00:00\",\"description\":\"Depuis plus d\u2019un demi-si\u00e8cle, le succ\u00e8s est au rendez-vous du Festival Musique & Neige Les Diablerets !\",\"breadcrumb\":{\"@id\":\"https:\/\/www.musique-et-neige.ch\/le-festival\/#breadcrumb\"},\"inLanguage\":\"en-US\",\"potentialAction\":[{\"@type\":\"ReadAction\",\"target\":[\"https:\/\/www.musique-et-neige.ch\/le-festival\/\"]}]},{\"@type\":\"BreadcrumbList\",\"@id\":\"https:\/\/www.musique-et-neige.ch\/le-festival\/#breadcrumb\",\"itemListElement\":[{\"@type\":\"ListItem\",\"position\":1,\"name\":\"Home\",\"item\":\"https:\/\/www.musique-et-neige.ch\/\"},{\"@type\":\"ListItem\",\"position\":2,\"name\":\"Le Festival\"}]},{\"@type\":\"WebSite\",\"@id\":\"https:\/\/www.musique-et-neige.ch\/#website\",\"url\":\"https:\/\/www.musique-et-neige.ch\/\",\"name\":\"Festival Musique & Neige\",\"description\":\"Quand la musique de chambre enchante la montagne\",\"publisher\":{\"@id\":\"https:\/\/www.musique-et-neige.ch\/#organization\"},\"alternateName\":\"Musique & Neige\",\"potentialAction\":[{\"@type\":\"SearchAction\",\"target\":{\"@type\":\"EntryPoint\",\"urlTemplate\":\"https:\/\/www.musique-et-neige.ch\/?s={search_term_string}\"},\"query-input\":{\"@type\":\"PropertyValueSpecification\",\"valueRequired\":true,\"valueName\":\"search_term_string\"}}],\"inLanguage\":\"en-US\"},{\"@type\":\"Organization\",\"@id\":\"https:\/\/www.musique-et-neige.ch\/#organization\",\"name\":\"Festival Musique & Neige Les Diablerets\",\"alternateName\":\"Musique & Neige\",\"url\":\"https:\/\/www.musique-et-neige.ch\/\",\"logo\":{\"@type\":\"ImageObject\",\"inLanguage\":\"en-US\",\"@id\":\"https:\/\/www.musique-et-neige.ch\/#\/schema\/logo\/image\/\",\"url\":\"https:\/\/www.musique-et-neige.ch\/wp-content\/uploads\/Musique-et-neige-logo.jpg\",\"contentUrl\":\"https:\/\/www.musique-et-neige.ch\/wp-content\/uploads\/Musique-et-neige-logo.jpg\",\"width\":254,\"height\":159,\"caption\":\"Festival Musique & Neige Les Diablerets\"},\"image\":{\"@id\":\"https:\/\/www.musique-et-neige.ch\/#\/schema\/logo\/image\/\"},\"sameAs\":[\"https:\/\/www.facebook.com\/FestivalMusiqueNeige\",\"https:\/\/www.instagram.com\/festival_musique_et_neige\/\"]},{\"@type\":\"Person\",\"@id\":\"https:\/\/www.musique-et-neige.ch\/#\/schema\/person\/db2eb97a2dbeee26becb54659778a71d\",\"name\":\"admin\"}]}<\/script>\n<!-- \/ Yoast SEO Premium plugin. -->","yoast_head_json":{"title":"The Festival","description":"The Festival Musique &amp; Neige Les Diablerets has been a success for over half a century!","robots":{"index":"index","follow":"follow","max-snippet":"max-snippet:-1","max-image-preview":"max-image-preview:large","max-video-preview":"max-video-preview:-1","archive":"noarchive"},"canonical":"https:\/\/www.musique-et-neige.ch\/en\/le-festival\/","og_locale":"en_US","og_type":"article","og_title":"Le Festival Musique & Neige Les Diablerets","og_description":"Depuis plus d\u2019un demi-si\u00e8cle, le succ\u00e8s est au rendez-vous du Festival Musique & Neige Les Diablerets ! Le fil conducteur des directeurs artistiques successifs est de proposer aux m\u00e9lomanes des artistes de premier ordre \u00e0 des prix extr\u00eamement populaires. Le Festival esp\u00e8re apporter aux auditeurs \u00e9motions, qualit\u00e9, convivialit\u00e9 et accueil chaleureux.","og_url":"https:\/\/www.musique-et-neige.ch\/en\/wp-json\/wp\/v2\/pages\/1183","og_site_name":"Festival Musique &amp; Neige","article_publisher":"https:\/\/www.facebook.com\/FestivalMusiqueNeige","article_modified_time":"2025-10-22T19:30:14+00:00","og_image":[{"width":1080,"height":1080,"url":"https:\/\/www.musique-et-neige.ch\/wp-content\/uploads\/homepage-facebook2.jpg","type":"image\/jpeg"}],"twitter_card":"summary_large_image","twitter_title":"Le Festival Musique & Neige Les Diablerets","twitter_description":"Depuis plus d\u2019un demi-si\u00e8cle, le succ\u00e8s est au rendez-vous du Festival Musique & Neige Les Diablerets ! Le fil conducteur des directeurs artistiques successifs est de proposer aux m\u00e9lomanes des artistes de premier ordre \u00e0 des prix extr\u00eamement populaires. Le Festival esp\u00e8re apporter aux auditeurs \u00e9motions, qualit\u00e9, convivialit\u00e9 et accueil chaleureux.","twitter_image":"https:\/\/www.musique-et-neige.ch\/wp-content\/uploads\/homepage-twitter.jpg","twitter_misc":{"Est. reading time":"3 minutes"},"schema":{"@context":"https:\/\/schema.org","@graph":[{"@type":"Article","@id":"https:\/\/www.musique-et-neige.ch\/le-festival\/#article","isPartOf":{"@id":"https:\/\/www.musique-et-neige.ch\/le-festival\/"},"author":{"name":"admin","@id":"https:\/\/www.musique-et-neige.ch\/#\/schema\/person\/db2eb97a2dbeee26becb54659778a71d"},"headline":"Le Festival","datePublished":"2021-11-01T14:42:34+00:00","dateModified":"2025-10-22T19:30:14+00:00","mainEntityOfPage":{"@id":"https:\/\/www.musique-et-neige.ch\/le-festival\/"},"wordCount":1038,"publisher":{"@id":"https:\/\/www.musique-et-neige.ch\/#organization"},"inLanguage":"en-US"},{"@type":"WebPage","@id":"https:\/\/www.musique-et-neige.ch\/le-festival\/","url":"https:\/\/www.musique-et-neige.ch\/le-festival\/","name":"The Festival","isPartOf":{"@id":"https:\/\/www.musique-et-neige.ch\/#website"},"datePublished":"2021-11-01T14:42:34+00:00","dateModified":"2025-10-22T19:30:14+00:00","description":"The Festival Musique &amp; Neige Les Diablerets has been a success for over half a century!","breadcrumb":{"@id":"https:\/\/www.musique-et-neige.ch\/le-festival\/#breadcrumb"},"inLanguage":"en-US","potentialAction":[{"@type":"ReadAction","target":["https:\/\/www.musique-et-neige.ch\/le-festival\/"]}]},{"@type":"BreadcrumbList","@id":"https:\/\/www.musique-et-neige.ch\/le-festival\/#breadcrumb","itemListElement":[{"@type":"ListItem","position":1,"name":"Home","item":"https:\/\/www.musique-et-neige.ch\/"},{"@type":"ListItem","position":2,"name":"Le Festival"}]},{"@type":"WebSite","@id":"https:\/\/www.musique-et-neige.ch\/#website","url":"https:\/\/www.musique-et-neige.ch\/","name":"Music &amp; Snow Festival","description":"When chamber music enchants the mountains","publisher":{"@id":"https:\/\/www.musique-et-neige.ch\/#organization"},"alternateName":"Musique & Neige","potentialAction":[{"@type":"SearchAction","target":{"@type":"EntryPoint","urlTemplate":"https:\/\/www.musique-et-neige.ch\/?s={search_term_string}"},"query-input":{"@type":"PropertyValueSpecification","valueRequired":true,"valueName":"search_term_string"}}],"inLanguage":"en-US"},{"@type":"Organization","@id":"https:\/\/www.musique-et-neige.ch\/#organization","name":"Festival Musique &amp; Neige Les Diablerets","alternateName":"Musique & Neige","url":"https:\/\/www.musique-et-neige.ch\/","logo":{"@type":"ImageObject","inLanguage":"en-US","@id":"https:\/\/www.musique-et-neige.ch\/#\/schema\/logo\/image\/","url":"https:\/\/www.musique-et-neige.ch\/wp-content\/uploads\/Musique-et-neige-logo.jpg","contentUrl":"https:\/\/www.musique-et-neige.ch\/wp-content\/uploads\/Musique-et-neige-logo.jpg","width":254,"height":159,"caption":"Festival Musique & Neige Les Diablerets"},"image":{"@id":"https:\/\/www.musique-et-neige.ch\/#\/schema\/logo\/image\/"},"sameAs":["https:\/\/www.facebook.com\/FestivalMusiqueNeige","https:\/\/www.instagram.com\/festival_musique_et_neige\/"]},{"@type":"Person","@id":"https:\/\/www.musique-et-neige.ch\/#\/schema\/person\/db2eb97a2dbeee26becb54659778a71d","name":"admin"}]}},"_links":{"self":[{"href":"https:\/\/www.musique-et-neige.ch\/en\/wp-json\/wp\/v2\/pages\/1183","targetHints":{"allow":["GET"]}}],"collection":[{"href":"https:\/\/www.musique-et-neige.ch\/en\/wp-json\/wp\/v2\/pages"}],"about":[{"href":"https:\/\/www.musique-et-neige.ch\/en\/wp-json\/wp\/v2\/types\/page"}],"author":[{"embeddable":true,"href":"https:\/\/www.musique-et-neige.ch\/en\/wp-json\/wp\/v2\/users\/1"}],"replies":[{"embeddable":true,"href":"https:\/\/www.musique-et-neige.ch\/en\/wp-json\/wp\/v2\/comments?post=1183"}],"version-history":[{"count":65,"href":"https:\/\/www.musique-et-neige.ch\/en\/wp-json\/wp\/v2\/pages\/1183\/revisions"}],"predecessor-version":[{"id":217754,"href":"https:\/\/www.musique-et-neige.ch\/en\/wp-json\/wp\/v2\/pages\/1183\/revisions\/217754"}],"wp:attachment":[{"href":"https:\/\/www.musique-et-neige.ch\/en\/wp-json\/wp\/v2\/media?parent=1183"}],"curies":[{"name":"wp","href":"https:\/\/api.w.org\/{rel}","templated":true}]}}