{"id":1152,"date":"2021-11-01T11:04:32","date_gmt":"2021-11-01T10:04:32","guid":{"rendered":"https:\/\/diableries.space\/musique-et-neige\/?page_id=1152"},"modified":"2025-07-30T22:29:31","modified_gmt":"2025-07-30T20:29:31","slug":"news","status":"publish","type":"page","link":"https:\/\/www.musique-et-neige.ch\/en\/news\/","title":{"rendered":"News"},"content":{"rendered":"<p>[et_pb_section fb_built=\u00a0\u00bb1&Prime; fullwidth=\u00a0\u00bbon\u00a0\u00bb next_background_color=\u00a0\u00bb#ffffff\u00a0\u00bb _builder_version=\u00a0\u00bb4.27.2&Prime; _module_preset=\u00a0\u00bbdefault\u00a0\u00bb background_color=\u00a0\u00bb#31A9DE\u00a0\u00bb background_color_gradient_direction=\u00a0\u00bb360deg\u00a0\u00bb background_enable_image=\u00a0\u00bboff\u00a0\u00bb min_height=\u00a0\u00bb300px\u00a0\u00bb custom_margin=\u00a0\u00bb0px||0px||false|false\u00a0\u00bb custom_padding=\u00a0\u00bb0px||0px||false|false\u00a0\u00bb bottom_divider_style=\u00a0\u00bbwave2&Prime; global_colors_info=\u00a0\u00bb{}\u00a0\u00bb][et_pb_fullwidth_post_title meta=\u00a0\u00bboff\u00a0\u00bb featured_image=\u00a0\u00bboff\u00a0\u00bb _builder_version=\u00a0\u00bb4.16&Prime; _module_preset=\u00a0\u00bbdefault\u00a0\u00bb title_font=\u00a0\u00bb|600||on|||||\u00a0\u00bb title_text_align=\u00a0\u00bbcenter\u00a0\u00bb title_text_color=\u00a0\u00bb#FFFFFF\u00a0\u00bb title_font_size=\u00a0\u00bb36px\u00a0\u00bb global_colors_info=\u00a0\u00bb{}\u00a0\u00bb][\/et_pb_fullwidth_post_title][\/et_pb_section][et_pb_section fb_built=\u00a0\u00bb1&Prime; _builder_version=\u00a0\u00bb4.27.2&Prime; _module_preset=\u00a0\u00bbdefault\u00a0\u00bb positioning=\u00a0\u00bbnone\u00a0\u00bb vertical_offset=\u00a0\u00bb100px\u00a0\u00bb vertical_offset_tablet=\u00a0\u00bb56px\u00a0\u00bb vertical_offset_phone=\u00a0\u00bb56px\u00a0\u00bb vertical_offset_last_edited=\u00a0\u00bbon|tablet\u00a0\u00bb custom_margin=\u00a0\u00bb-10px||-10px||false|false\u00a0\u00bb custom_padding=\u00a0\u00bb10px||0px||false|false\u00a0\u00bb bottom_divider_color=\u00a0\u00bb#4D555F\u00a0\u00bb custom_css_main_element=\u00a0\u00bbmin-height:48vh;\u00a0\u00bb global_colors_info=\u00a0\u00bb{}\u00a0\u00bb][et_pb_row use_custom_gutter=\u00a0\u00bbon\u00a0\u00bb gutter_width=\u00a0\u00bb2&Prime; make_equal=\u00a0\u00bbon\u00a0\u00bb disabled_on=\u00a0\u00bboff|off|off\u00a0\u00bb _builder_version=\u00a0\u00bb4.27.4&Prime; _module_preset=\u00a0\u00bbdefault\u00a0\u00bb background_enable_color=\u00a0\u00bboff\u00a0\u00bb custom_margin=\u00a0\u00bb0px||||false|false\u00a0\u00bb custom_padding=\u00a0\u00bb0px||||false|false\u00a0\u00bb hover_enabled=\u00a0\u00bb0&Prime; global_colors_info=\u00a0\u00bb{}\u00a0\u00bb sticky_enabled=\u00a0\u00bb0&Prime;][et_pb_column type=\u00a0\u00bb4_4&Prime; _builder_version=\u00a0\u00bb4.16&Prime; _module_preset=\u00a0\u00bbdefault\u00a0\u00bb global_colors_info=\u00a0\u00bb{}\u00a0\u00bb][et_pb_blog fullwidth=\u00a0\u00bboff\u00a0\u00bb include_categories=\u00a0\u00bb11&Prime; show_more=\u00a0\u00bbon\u00a0\u00bb show_categories=\u00a0\u00bboff\u00a0\u00bb show_excerpt=\u00a0\u00bboff\u00a0\u00bb _builder_version=\u00a0\u00bb4.23.1&Prime; _module_preset=\u00a0\u00bbdefault\u00a0\u00bb background_enable_color=\u00a0\u00bboff\u00a0\u00bb position_origin_a=\u00a0\u00bbcenter_center\u00a0\u00bb width=\u00a0\u00bb100%\u00a0\u00bb custom_padding=\u00a0\u00bb||78px|||\u00a0\u00bb global_colors_info=\u00a0\u00bb{}\u00a0\u00bb][\/et_pb_blog][\/et_pb_column][\/et_pb_row][\/et_pb_section][et_pb_section fb_built=\u00a0\u00bb1&Prime; _builder_version=\u00a0\u00bb4.27.2&Prime; _module_preset=\u00a0\u00bbdefault\u00a0\u00bb custom_margin=\u00a0\u00bb0px||||false|false\u00a0\u00bb custom_padding=\u00a0\u00bb0px||10px||false|false\u00a0\u00bb bottom_divider_style=\u00a0\u00bbwave\u00a0\u00bb bottom_divider_color=\u00a0\u00bb#4D555F\u00a0\u00bb bottom_divider_repeat=\u00a0\u00bb1x\u00a0\u00bb global_colors_info=\u00a0\u00bb{}\u00a0\u00bb][\/et_pb_section]<\/p>\n","protected":false},"excerpt":{"rendered":"","protected":false},"author":1,"featured_media":0,"parent":0,"menu_order":0,"comment_status":"closed","ping_status":"open","template":"","meta":{"_acf_changed":false,"_et_pb_use_builder":"on","_et_pb_old_content":"","_et_gb_content_width":"","footnotes":""},"class_list":["post-1152","page","type-page","status-publish","hentry"],"acf":[],"yoast_head":"<!-- This site is optimized with the Yoast SEO Premium plugin v27.1 (Yoast SEO v27.1.1) - https:\/\/yoast.com\/product\/yoast-seo-premium-wordpress\/ -->\n<title>Actualit\u00e9s<\/title>\n<meta name=\"description\" content=\"Retrouvez les derni\u00e8res nouvelles du Festival sur cette page Actualit\u00e9s du Festival Musique &amp; Neige Les Diablerets.\" \/>\n<meta name=\"robots\" content=\"index, follow, max-snippet:-1, max-image-preview:large, max-video-preview:-1\" \/>\n<link rel=\"canonical\" href=\"https:\/\/www.musique-et-neige.ch\/en\/news\/\" \/>\n<meta property=\"og:locale\" content=\"en_US\" \/>\n<meta property=\"og:type\" content=\"article\" \/>\n<meta property=\"og:title\" content=\"Actualit\u00e9s - Festival Musique &amp; Neige - Les Diablerets\" \/>\n<meta property=\"og:description\" content=\"Retrouvez les derni\u00e8res nouvelles du Festival sur cette page Actualit\u00e9s du Festival Musique &amp; Neige Les Diablerets.\" \/>\n<meta property=\"og:url\" content=\"https:\/\/www.musique-et-neige.ch\/en\/wp-json\/wp\/v2\/pages\/1152\" \/>\n<meta property=\"og:site_name\" content=\"Festival Musique &amp; Neige\" \/>\n<meta property=\"article:publisher\" content=\"https:\/\/www.facebook.com\/FestivalMusiqueNeige\" \/>\n<meta property=\"article:modified_time\" content=\"2025-07-30T20:29:31+00:00\" \/>\n<meta property=\"og:image\" content=\"https:\/\/www.musique-et-neige.ch\/wp-content\/uploads\/homepage-facebook2.jpg\" \/>\n\t<meta property=\"og:image:width\" content=\"1080\" \/>\n\t<meta property=\"og:image:height\" content=\"1080\" \/>\n\t<meta property=\"og:image:type\" content=\"image\/jpeg\" \/>\n<meta name=\"twitter:card\" content=\"summary_large_image\" \/>\n<meta name=\"twitter:title\" content=\"Actualit\u00e9s - Festival Musique &amp; Neige - Les Diablerets\" \/>\n<meta name=\"twitter:description\" content=\"Retrouvez les derni\u00e8res nouvelles du Festival sur cette page Actualit\u00e9s du Festival Musique &amp; Neige Les Diablerets.\" \/>\n<meta name=\"twitter:image\" content=\"https:\/\/www.musique-et-neige.ch\/wp-content\/uploads\/homepage-twitter2.jpg\" \/>\n<meta name=\"twitter:label1\" content=\"Est. reading time\" \/>\n\t<meta name=\"twitter:data1\" content=\"1 minute\" \/>\n<script type=\"application\/ld+json\" class=\"yoast-schema-graph\">{\"@context\":\"https:\/\/schema.org\",\"@graph\":[{\"@type\":\"Article\",\"@id\":\"https:\/\/www.musique-et-neige.ch\/news\/#article\",\"isPartOf\":{\"@id\":\"https:\/\/www.musique-et-neige.ch\/news\/\"},\"author\":{\"name\":\"admin\",\"@id\":\"https:\/\/www.musique-et-neige.ch\/#\/schema\/person\/db2eb97a2dbeee26becb54659778a71d\"},\"headline\":\"Actualit\u00e9s\",\"datePublished\":\"2021-11-01T10:04:32+00:00\",\"dateModified\":\"2025-07-30T20:29:31+00:00\",\"mainEntityOfPage\":{\"@id\":\"https:\/\/www.musique-et-neige.ch\/news\/\"},\"wordCount\":295,\"publisher\":{\"@id\":\"https:\/\/www.musique-et-neige.ch\/#organization\"},\"inLanguage\":\"en-US\"},{\"@type\":\"WebPage\",\"@id\":\"https:\/\/www.musique-et-neige.ch\/news\/\",\"url\":\"https:\/\/www.musique-et-neige.ch\/news\/\",\"name\":\"Actualit\u00e9s\",\"isPartOf\":{\"@id\":\"https:\/\/www.musique-et-neige.ch\/#website\"},\"datePublished\":\"2021-11-01T10:04:32+00:00\",\"dateModified\":\"2025-07-30T20:29:31+00:00\",\"description\":\"Retrouvez les derni\u00e8res nouvelles du Festival sur cette page Actualit\u00e9s du Festival Musique & Neige Les Diablerets.\",\"breadcrumb\":{\"@id\":\"https:\/\/www.musique-et-neige.ch\/news\/#breadcrumb\"},\"inLanguage\":\"en-US\",\"potentialAction\":[{\"@type\":\"ReadAction\",\"target\":[\"https:\/\/www.musique-et-neige.ch\/news\/\"]}]},{\"@type\":\"BreadcrumbList\",\"@id\":\"https:\/\/www.musique-et-neige.ch\/news\/#breadcrumb\",\"itemListElement\":[{\"@type\":\"ListItem\",\"position\":1,\"name\":\"Home\",\"item\":\"https:\/\/www.musique-et-neige.ch\/\"},{\"@type\":\"ListItem\",\"position\":2,\"name\":\"Actualit\u00e9s\"}]},{\"@type\":\"WebSite\",\"@id\":\"https:\/\/www.musique-et-neige.ch\/#website\",\"url\":\"https:\/\/www.musique-et-neige.ch\/\",\"name\":\"Festival Musique & Neige\",\"description\":\"Quand la musique de chambre enchante la montagne\",\"publisher\":{\"@id\":\"https:\/\/www.musique-et-neige.ch\/#organization\"},\"alternateName\":\"Musique & Neige\",\"potentialAction\":[{\"@type\":\"SearchAction\",\"target\":{\"@type\":\"EntryPoint\",\"urlTemplate\":\"https:\/\/www.musique-et-neige.ch\/?s={search_term_string}\"},\"query-input\":{\"@type\":\"PropertyValueSpecification\",\"valueRequired\":true,\"valueName\":\"search_term_string\"}}],\"inLanguage\":\"en-US\"},{\"@type\":\"Organization\",\"@id\":\"https:\/\/www.musique-et-neige.ch\/#organization\",\"name\":\"Festival Musique & Neige Les Diablerets\",\"alternateName\":\"Musique & Neige\",\"url\":\"https:\/\/www.musique-et-neige.ch\/\",\"logo\":{\"@type\":\"ImageObject\",\"inLanguage\":\"en-US\",\"@id\":\"https:\/\/www.musique-et-neige.ch\/#\/schema\/logo\/image\/\",\"url\":\"https:\/\/www.musique-et-neige.ch\/wp-content\/uploads\/Musique-et-neige-logo.jpg\",\"contentUrl\":\"https:\/\/www.musique-et-neige.ch\/wp-content\/uploads\/Musique-et-neige-logo.jpg\",\"width\":254,\"height\":159,\"caption\":\"Festival Musique & Neige Les Diablerets\"},\"image\":{\"@id\":\"https:\/\/www.musique-et-neige.ch\/#\/schema\/logo\/image\/\"},\"sameAs\":[\"https:\/\/www.facebook.com\/FestivalMusiqueNeige\",\"https:\/\/www.instagram.com\/festival_musique_et_neige\/\"]},{\"@type\":\"Person\",\"@id\":\"https:\/\/www.musique-et-neige.ch\/#\/schema\/person\/db2eb97a2dbeee26becb54659778a71d\",\"name\":\"admin\"}]}<\/script>\n<!-- \/ Yoast SEO Premium plugin. -->","yoast_head_json":{"title":"News","description":"Keep up to date with the latest Festival news on the Festival Musique &amp; Neige Les Diablerets news page.","robots":{"index":"index","follow":"follow","max-snippet":"max-snippet:-1","max-image-preview":"max-image-preview:large","max-video-preview":"max-video-preview:-1"},"canonical":"https:\/\/www.musique-et-neige.ch\/en\/news\/","og_locale":"en_US","og_type":"article","og_title":"Actualit\u00e9s - Festival Musique & Neige - Les Diablerets","og_description":"Retrouvez les derni\u00e8res nouvelles du Festival sur cette page Actualit\u00e9s du Festival Musique & Neige Les Diablerets.","og_url":"https:\/\/www.musique-et-neige.ch\/en\/wp-json\/wp\/v2\/pages\/1152","og_site_name":"Festival Musique &amp; Neige","article_publisher":"https:\/\/www.facebook.com\/FestivalMusiqueNeige","article_modified_time":"2025-07-30T20:29:31+00:00","og_image":[{"width":1080,"height":1080,"url":"https:\/\/www.musique-et-neige.ch\/wp-content\/uploads\/homepage-facebook2.jpg","type":"image\/jpeg"}],"twitter_card":"summary_large_image","twitter_title":"Actualit\u00e9s - Festival Musique & Neige - Les Diablerets","twitter_description":"Retrouvez les derni\u00e8res nouvelles du Festival sur cette page Actualit\u00e9s du Festival Musique & Neige Les Diablerets.","twitter_image":"https:\/\/www.musique-et-neige.ch\/wp-content\/uploads\/homepage-twitter2.jpg","twitter_misc":{"Est. reading time":"1 minute"},"schema":{"@context":"https:\/\/schema.org","@graph":[{"@type":"Article","@id":"https:\/\/www.musique-et-neige.ch\/news\/#article","isPartOf":{"@id":"https:\/\/www.musique-et-neige.ch\/news\/"},"author":{"name":"admin","@id":"https:\/\/www.musique-et-neige.ch\/#\/schema\/person\/db2eb97a2dbeee26becb54659778a71d"},"headline":"Actualit\u00e9s","datePublished":"2021-11-01T10:04:32+00:00","dateModified":"2025-07-30T20:29:31+00:00","mainEntityOfPage":{"@id":"https:\/\/www.musique-et-neige.ch\/news\/"},"wordCount":295,"publisher":{"@id":"https:\/\/www.musique-et-neige.ch\/#organization"},"inLanguage":"en-US"},{"@type":"WebPage","@id":"https:\/\/www.musique-et-neige.ch\/news\/","url":"https:\/\/www.musique-et-neige.ch\/news\/","name":"News","isPartOf":{"@id":"https:\/\/www.musique-et-neige.ch\/#website"},"datePublished":"2021-11-01T10:04:32+00:00","dateModified":"2025-07-30T20:29:31+00:00","description":"Keep up to date with the latest Festival news on the Festival Musique &amp; Neige Les Diablerets news page.","breadcrumb":{"@id":"https:\/\/www.musique-et-neige.ch\/news\/#breadcrumb"},"inLanguage":"en-US","potentialAction":[{"@type":"ReadAction","target":["https:\/\/www.musique-et-neige.ch\/news\/"]}]},{"@type":"BreadcrumbList","@id":"https:\/\/www.musique-et-neige.ch\/news\/#breadcrumb","itemListElement":[{"@type":"ListItem","position":1,"name":"Home","item":"https:\/\/www.musique-et-neige.ch\/"},{"@type":"ListItem","position":2,"name":"Actualit\u00e9s"}]},{"@type":"WebSite","@id":"https:\/\/www.musique-et-neige.ch\/#website","url":"https:\/\/www.musique-et-neige.ch\/","name":"Music &amp; Snow Festival","description":"When chamber music enchants the mountains","publisher":{"@id":"https:\/\/www.musique-et-neige.ch\/#organization"},"alternateName":"Musique & Neige","potentialAction":[{"@type":"SearchAction","target":{"@type":"EntryPoint","urlTemplate":"https:\/\/www.musique-et-neige.ch\/?s={search_term_string}"},"query-input":{"@type":"PropertyValueSpecification","valueRequired":true,"valueName":"search_term_string"}}],"inLanguage":"en-US"},{"@type":"Organization","@id":"https:\/\/www.musique-et-neige.ch\/#organization","name":"Festival Musique &amp; Neige Les Diablerets","alternateName":"Musique & Neige","url":"https:\/\/www.musique-et-neige.ch\/","logo":{"@type":"ImageObject","inLanguage":"en-US","@id":"https:\/\/www.musique-et-neige.ch\/#\/schema\/logo\/image\/","url":"https:\/\/www.musique-et-neige.ch\/wp-content\/uploads\/Musique-et-neige-logo.jpg","contentUrl":"https:\/\/www.musique-et-neige.ch\/wp-content\/uploads\/Musique-et-neige-logo.jpg","width":254,"height":159,"caption":"Festival Musique & Neige Les Diablerets"},"image":{"@id":"https:\/\/www.musique-et-neige.ch\/#\/schema\/logo\/image\/"},"sameAs":["https:\/\/www.facebook.com\/FestivalMusiqueNeige","https:\/\/www.instagram.com\/festival_musique_et_neige\/"]},{"@type":"Person","@id":"https:\/\/www.musique-et-neige.ch\/#\/schema\/person\/db2eb97a2dbeee26becb54659778a71d","name":"admin"}]}},"_links":{"self":[{"href":"https:\/\/www.musique-et-neige.ch\/en\/wp-json\/wp\/v2\/pages\/1152","targetHints":{"allow":["GET"]}}],"collection":[{"href":"https:\/\/www.musique-et-neige.ch\/en\/wp-json\/wp\/v2\/pages"}],"about":[{"href":"https:\/\/www.musique-et-neige.ch\/en\/wp-json\/wp\/v2\/types\/page"}],"author":[{"embeddable":true,"href":"https:\/\/www.musique-et-neige.ch\/en\/wp-json\/wp\/v2\/users\/1"}],"replies":[{"embeddable":true,"href":"https:\/\/www.musique-et-neige.ch\/en\/wp-json\/wp\/v2\/comments?post=1152"}],"version-history":[{"count":17,"href":"https:\/\/www.musique-et-neige.ch\/en\/wp-json\/wp\/v2\/pages\/1152\/revisions"}],"predecessor-version":[{"id":217581,"href":"https:\/\/www.musique-et-neige.ch\/en\/wp-json\/wp\/v2\/pages\/1152\/revisions\/217581"}],"wp:attachment":[{"href":"https:\/\/www.musique-et-neige.ch\/en\/wp-json\/wp\/v2\/media?parent=1152"}],"curies":[{"name":"wp","href":"https:\/\/api.w.org\/{rel}","templated":true}]}}